{"id":26430,"date":"2021-09-15T10:38:00","date_gmt":"2021-09-15T08:38:00","guid":{"rendered":"https:\/\/hempika.com\/analyse-de-cannabinoides\/"},"modified":"2024-11-26T10:16:08","modified_gmt":"2024-11-26T09:16:08","slug":"analyse-de-cannabinoides","status":"publish","type":"page","link":"https:\/\/hempika.com\/fr\/analyse-de-cannabinoides\/","title":{"rendered":"Laboratoire"},"content":{"rendered":"<div class=\"h-analysis\">\n<h1>Analyse des Cannabino\u00efdes<\/h1>\n<p>Nous proposons une <strong>analyse des cannabino\u00efdes<\/strong> pour les fabricants, les cultivateurs et les utilisateurs de produits \u00e0 base de chanvre et de cannabis. En utilisant des m\u00e9thodes d&rsquo;analyse modernes, nous d\u00e9terminons quantitativement la pr\u00e9sence et la teneur en phytocannabino\u00efdes.<\/p>\n<ul>\n<li class=\"h-analysis-benefit-1\">Chromatographie Liquide \u00e0 Haute Performance (HPLC)<\/li>\n<li class=\"h-analysis-benefit-2\">Analyse Quantitative de 16 Cannabino\u00efdes<\/li>\n<li class=\"h-analysis-benefit-3\">Laboratoire Accr\u00e9dit\u00e9 ISO\/IEC 17025<\/li>\n<\/ul>\n<form id=\"analysis-form\" action=\"https:\/\/hempika.com\/wp-content\/themes\/hemp-master\/custom\/emails\/analysis.php\" method=\"post\"><label for=\"analysis_email\">Votre e-mail<\/label><input type=\"email\" id=\"analysis_email\" name=\"analysis_email\" placeholder=\"Entrez votre e-mail\" required \/><label for=\"analysis_number\">Nombre d&rsquo;\u00e9chantillons<\/label><input type=\"number\" id=\"analysis_number\" name=\"analysis_number\" min=\"1\" max=\"100\" placeholder=\"Entrez le nombre d'\u00e9chantillons\" \/><input type=\"text\" id=\"honeypot\" name=\"honeypot\" style=\"display:none;\" \/><input type=\"submit\" name=\"subscribe_submit\" value=\"Commander l'analyse maintenant\" \/><\/form>\n<p><small id=\"analysis-message\"><\/small><script src=\"https:\/\/hempika.com\/wp-content\/themes\/hemp-master\/custom\/scripts\/analysis.js\" type=\"text\/javascript\"><\/script><\/p>\n<div class=\"h-analysis-iso\"><img loading=\"lazy\" decoding=\"async\" src=\"https:\/\/hempika.com\/wp-content\/themes\/hemp-master\/custom\/img\/analysis.png\" alt=\"Analyse des cannabino\u00efdes avec HPLC\" width=\"100\" height=\"100\"><\/div>\n<p>Nos <strong>instruments tr\u00e8s sensibles<\/strong> nous permettent de d\u00e9tecter des niveaux ultra-faibles de cannabino\u00efdes acides et neutres sans chaleur, dans tous les types de produits \u00e0 base de chanvre tels que les fleurs, extraits, huiles, teintures, isolats, boissons, aliments et cosm\u00e9tiques.<\/p>\n<div class=\"h-analysis-imgs\"><img loading=\"lazy\" decoding=\"async\" src=\"https:\/\/hempika.com\/wp-content\/uploads\/2021\/06\/preparation_of_a_solution_for_cannabinoid_analysis.jpg\" alt=\"Pr\u00e9paration d'une solution pour l'analyse des cannabino\u00efdes\" width=\"100\" height=\"100\"><img loading=\"lazy\" decoding=\"async\" src=\"https:\/\/hempika.com\/wp-content\/uploads\/2021\/06\/weighing_a_sample_for_cannabinoid_analysis.jpg\" alt=\"Pes\u00e9e d'un \u00e9chantillon pour l'analyse des cannabino\u00efdes\" width=\"100\" height=\"100\"><\/div>\n<p>Nous nous distinguons par notre pr\u00e9cision, notre exactitude et nos performances, conformes aux principes et directives des normes de bonne pratique de laboratoire. Notre m\u00e9thode utilise la <strong>chromatographie liquide \u00e0 haute performance (HPLC)<\/strong>, ce qui permet de d\u00e9terminer quantitativement la teneur des 16 cannabino\u00efdes suivants :<\/p>\n<table>\n<tr>\n<td><strong>\u03949-THC<\/strong><\/td>\n<td>Delta-9-T\u00e9trahydrocannabinol<\/td>\n<\/tr>\n<tr>\n<td><strong>THCA<\/strong><\/td>\n<td>Acide t\u00e9trahydrocannabinolique<\/td>\n<\/tr>\n<tr>\n<td><strong>THCV<\/strong><\/td>\n<td>T\u00e9trahydrocannabivarine<\/td>\n<\/tr>\n<tr>\n<td><strong>CBD<\/strong><\/td>\n<td>Cannabidiol<\/td>\n<\/tr>\n<tr>\n<td><strong>CBDA<\/strong><\/td>\n<td>Acide cannabidiolique<\/td>\n<\/tr>\n<tr>\n<td><strong>CBDV<\/strong><\/td>\n<td>Cannabidivarine<\/td>\n<\/tr>\n<tr>\n<td><strong>CBG<\/strong><\/td>\n<td>Cannabig\u00e9rol<\/td>\n<\/tr>\n<tr>\n<td><strong>CBGA<\/strong><\/td>\n<td>Acide cannabig\u00e9rolique<\/td>\n<\/tr>\n<tr>\n<td><strong>CBC<\/strong><\/td>\n<td>Cannabichrom\u00e8ne<\/td>\n<\/tr>\n<tr>\n<td><strong>CBCA<\/strong><\/td>\n<td>Acide cannabichrom\u00e9nique<\/td>\n<\/tr>\n<tr>\n<td><strong>\u03948-THC<\/strong><\/td>\n<td>Delta-8-T\u00e9trahydrocannabinol<\/td>\n<\/tr>\n<tr>\n<td><strong>CBL<\/strong><\/td>\n<td>Cannabicyclol<\/td>\n<\/tr>\n<tr>\n<td><strong>CBV<\/strong><\/td>\n<td>Cannabivarine<\/td>\n<\/tr>\n<tr>\n<td><strong>CBE<\/strong><\/td>\n<td>Cannabielsine<\/td>\n<\/tr>\n<tr>\n<td><strong>CBT<\/strong><\/td>\n<td>Cannabicitrane<\/td>\n<\/tr>\n<tr>\n<td><strong>CBN<\/strong><\/td>\n<td>Cannabinol<\/td>\n<\/tr>\n<\/table>\n<\/div>\n","protected":false},"excerpt":{"rendered":"<p>Analyse des Cannabino\u00efdes Nous proposons une analyse des cannabino\u00efdes pour les fabricants, les cultivateurs et les utilisateurs de produits \u00e0 base de chanvre et de cannabis. En utilisant des m\u00e9thodes d&rsquo;analyse modernes, nous d\u00e9terminons quantitativement la pr\u00e9sence et la teneur en phytocannabino\u00efdes. Chromatographie Liquide \u00e0 Haute Performance (HPLC) Analyse Quantitative de 16 Cannabino\u00efdes Laboratoire Accr\u00e9dit\u00e9 [&hellip;]<\/p>\n","protected":false},"author":1,"featured_media":26433,"parent":0,"menu_order":0,"comment_status":"closed","ping_status":"closed","template":"custom-page-template.php","meta":{"footnotes":""},"class_list":["post-26430","page","type-page","status-publish","has-post-thumbnail","hentry"],"_links":{"self":[{"href":"https:\/\/hempika.com\/fr\/wp-json\/wp\/v2\/pages\/26430","targetHints":{"allow":["GET"]}}],"collection":[{"href":"https:\/\/hempika.com\/fr\/wp-json\/wp\/v2\/pages"}],"about":[{"href":"https:\/\/hempika.com\/fr\/wp-json\/wp\/v2\/types\/page"}],"author":[{"embeddable":true,"href":"https:\/\/hempika.com\/fr\/wp-json\/wp\/v2\/users\/1"}],"replies":[{"embeddable":true,"href":"https:\/\/hempika.com\/fr\/wp-json\/wp\/v2\/comments?post=26430"}],"version-history":[{"count":0,"href":"https:\/\/hempika.com\/fr\/wp-json\/wp\/v2\/pages\/26430\/revisions"}],"wp:featuredmedia":[{"embeddable":true,"href":"https:\/\/hempika.com\/fr\/wp-json\/wp\/v2\/media\/26433"}],"wp:attachment":[{"href":"https:\/\/hempika.com\/fr\/wp-json\/wp\/v2\/media?parent=26430"}],"curies":[{"name":"wp","href":"https:\/\/api.w.org\/{rel}","templated":true}]}}