{"id":25559,"date":"2021-09-09T14:11:17","date_gmt":"2021-09-09T12:11:17","guid":{"rendered":"https:\/\/hempika.com\/a-propos-de-nous\/"},"modified":"2024-11-25T10:54:54","modified_gmt":"2024-11-25T09:54:54","slug":"a-propos-de-nous","status":"publish","type":"page","link":"https:\/\/hempika.com\/fr\/a-propos-de-nous\/","title":{"rendered":"\u00c0 propos de nous"},"content":{"rendered":"<div class=\"h-about\">\n<div class=\"h-about-left\">\n<div class=\"h-about-banner\">\n<h1>Goutte apr\u00e8s goutte, nous avons construit Hempika.<\/h1>\n<\/div>\n<\/div>\n<div class=\"h-about-right\">\n<div class=\"h-about-intro\">\n<p class=\"h-about-intro-description\"><strong>Nous aimons la couleur verte, nous d\u00e9fendons les standards les plus \u00e9lev\u00e9s pour nos produits, et nous cr\u00e9ons avec une mentalit\u00e9 minimaliste.<\/strong><\/p>\n<div class=\"h-about-intro-benefits\">\n<div class=\"h-about-intro-benefit\">\n<div class=\"h-about-intro-benefit-img\"><img loading=\"lazy\" decoding=\"async\" src=\"https:\/\/hempika.com\/wp-content\/themes\/hemp-master\/custom\/img\/no-compromises-square.svg\" alt=\"Pas de compromis\" width=\"100\" height=\"100\"><\/div>\n<div class=\"h-about-intro-benefit-text\">\n<p><strong>Pas de compromis<\/strong> en mati\u00e8re de qualit\u00e9. Nous compl\u00e9tons et am\u00e9liorons les pratiques traditionnelles avec les derni\u00e8res d\u00e9couvertes et une approche de pointe.<\/p>\n<\/div><\/div>\n<div class=\"h-about-intro-benefit\">\n<div class=\"h-about-intro-benefit-img\"><img loading=\"lazy\" decoding=\"async\" src=\"https:\/\/hempika.com\/wp-content\/themes\/hemp-master\/custom\/img\/no-greed-square.svg\" alt=\"Pas d\u2019avidit\u00e9\" width=\"100\" height=\"100\"><\/div>\n<div class=\"h-about-intro-benefit-text\">\n<p><strong>Pas d\u2019avidit\u00e9<\/strong> dans la conception de nos produits. Nous vous proposons uniquement une s\u00e9lection minimaliste et essentielle de biens, qui ont fait leurs preuves en valant notre temps et votre argent.<\/p>\n<\/div><\/div>\n<div class=\"h-about-intro-benefit\">\n<div class=\"h-about-intro-benefit-img\"><img loading=\"lazy\" decoding=\"async\" src=\"https:\/\/hempika.com\/wp-content\/themes\/hemp-master\/custom\/img\/no-nasties-square.svg\" alt=\"Pas de produits nocifs\" width=\"100\" height=\"100\"><\/div>\n<div class=\"h-about-intro-benefit-text\">\n<p><strong>Pas de produits nocifs.<\/strong> Chaque article que vous trouvez sur notre site est fabriqu\u00e9 \u00e0 partir des ingr\u00e9dients les plus purs et soigneusement s\u00e9lectionn\u00e9s ; et nous n\u2019utilisons jamais d\u2019additifs pour rendre nos produits plus savoureux ou plus jolis.<\/p>\n<\/div><\/div>\n<\/p><\/div>\n<\/p><\/div>\n<div class=\"h-about-wizard\">\n<div class=\"h-about-title\">\n<h2>Le magicien derri\u00e8re Hempika<\/h2>\n<div class=\"h-about-title-line\"><\/div>\n<\/div>\n<p>Luka est l\u2019un de ces rebelles qui cherche toujours des solutions en dehors des sentiers battus pour am\u00e9liorer sa vie. Ayant grandi avec de l\u2019anxi\u00e9t\u00e9, il a \u00e9t\u00e9 ravi lorsqu\u2019il a d\u00e9couvert le CBD. C\u2019\u00e9tait l\u2019une des rares choses qui l\u2019apaisait sans provoquer l\u2019effet \u00ab planant \u00bb d\u2019autres substances. Convaincu que c\u2019\u00e9tait LA solution pour se d\u00e9tendre et ancrer son esprit, il a su que le CBD pouvait \u00e9galement soulager le stress de nombreuses autres personnes.<\/p>\n<div class=\"h-about-wizard-caption\">\n<div class=\"h-about-wizard-caption-img\">\n\t\t\t\t\t<img loading=\"lazy\" decoding=\"async\" src=\"https:\/\/hempika.com\/wp-content\/themes\/hemp-master\/custom\/img\/face.jpg\" alt=\"Luka Hempika\" width=\"100\" height=\"100\">\n\t\t\t\t<\/div>\n<div class=\"h-about-wizard-caption-text\">\n<p><strong>\u00ab\u00a0Peu m\u2019importe ce qui est populaire ou non. Il y a des ann\u00e9es, j\u2019ai pris la d\u00e9cision tr\u00e8s consciente de transformer mon admiration pour le chanvre en produits sup\u00e9rieurs, s\u00fbrs et purs sur le march\u00e9.\u00a0\u00bb<\/strong><\/p>\n<\/p><\/div>\n<\/p><\/div>\n<p>Il a commenc\u00e9 \u00e0 construire Hempika \u00e0 une \u00e9poque o\u00f9 le CBD n\u2019\u00e9tait pas encore largement utilis\u00e9. En tant que m\u00e9diateur et visionnaire avec un esprit d\u2019ing\u00e9nieur, il a commenc\u00e9 \u00e0 assembler les pi\u00e8ces du puzzle. Lorsqu\u2019il s\u2019agit de qualit\u00e9 et de s\u00e9curit\u00e9 des produits, il est implacable. Il insiste pour tester chaque lot et n\u2019offre \u00e0 ses clients que le meilleur de ce que le chanvre a \u00e0 offrir.<\/p>\n<p>Son amour pour le sport et la nature se refl\u00e8te dans le monde des affaires, o\u00f9 il combine le meilleur de ce que la nature offre avec les derni\u00e8res d\u00e9couvertes scientifiques et technologiques.<\/p>\n<\/p><\/div>\n<div class=\"h-about-chica\">\n<div class=\"h-about-title\">\n<h2>D\u00e9tendez-vous, vous \u00eates stress\u00e9.<\/h2>\n<div class=\"h-about-title-line\"><\/div>\n<\/div>\n<p>Si vous deviez deviner quelle est la premi\u00e8re dysfonction de notre \u00e9poque, vous auriez raison \u2013 c\u2019est ce satan\u00e9 <strong>STRESS<\/strong> ! Le stress, qu\u2019il vienne de votre environnement ou de votre int\u00e9rieur, pourrait aussi \u00eatre qualifi\u00e9 de \u00ab racine de tout mal \u00bb en ce qui concerne la longue liste de nos soucis quotidiens. Alors ne pensez-vous pas que nous pourrions tous b\u00e9n\u00e9ficier d\u2019un petit quelque chose qui calmerait notre anxi\u00e9t\u00e9, exercerait ses pouvoirs anti-inflammatoires, et apporterait un peu de plaisir au lieu de douleur \u00e0 nos corps fatigu\u00e9s ? Bonne nouvelle \u2013 le chanvre pourrait \u00eatre la r\u00e9ponse !<\/p>\n<p>\t\t\t<a class=\"h-button\" href=\"https:\/\/hempika.com\/fr\/boutique\/\">Trouvez votre alli\u00e9 parfait<\/a>\n\t\t<\/div>\n<div class=\"h-about-fashion\">\n<div class=\"h-about-title\">\n<h2>Le bon vieux chanvre est de retour \u00e0 la mode<\/h2>\n<div class=\"h-about-title-line\"><\/div>\n<\/div>\n<p>Qu\u2019ont en commun le chanvre, les champignons et les herbes ? Ils sont les meilleurs amis de l\u2019homme depuis \u2026 toujours ? <strong>Oui, c\u2019est vrai !<\/strong><\/p>\n<p>Revenons aux bases un instant. Avec tout le respect d\u00fb \u00e0 la science moderne, aux tendances en mati\u00e8re de compl\u00e9ments alimentaires et aux connaissances m\u00e9dicales \u2013 le chanvre est l\u2019une des plantes les plus incroyables qui ait jamais exist\u00e9 sur cette plan\u00e8te appel\u00e9e Terre. Ses pouvoirs quasi super-h\u00e9ro\u00efques sur notre sant\u00e9 globale sont enfin accept\u00e9s et prouv\u00e9s par la science. Heureusement, le bon vieux chanvre, qui, soit dit en passant, ne vous fera pas planer, est tout \u00e0 fait l\u00e9gal et largement utilis\u00e9 dans le monde entier.<\/p>\n<p>\t\t\t<img loading=\"lazy\" decoding=\"async\" src=\"https:\/\/hempika.com\/wp-content\/themes\/hemp-master\/custom\/img\/hemp-plant.jpg\" alt=\"Chanvre Hempika\" width=\"100\" height=\"100\">\n\t\t<\/div>\n<div class=\"h-about-ritual\">\n<div class=\"h-about-title\">\n<h2>Votre rituel chanvre du jour<\/h2>\n<div class=\"h-about-title-line\"><\/div>\n<\/div>\n<p>Quel est votre rituel pr\u00e9f\u00e9r\u00e9 qui vous remonte le moral m\u00eame les jours les plus pluvieux ? Comment vous faites-vous plaisir lorsque la journ\u00e9e est morose ?<\/p>\n<p><strong>Les influenceurs beaut\u00e9 utilisent peut-\u00eatre des routines de soin en 65 \u00e9tapes.<br \/>Les gourmets passent peut-\u00eatre l\u2019apr\u00e8s-midi dans une boulangerie.<br \/>Et nous, les passionn\u00e9s de sant\u00e9 ? Nous optons pour le CBD ! Une, deux, trois gouttes, et notre humeur revient sur les rails.<\/strong><\/p>\n<p>Apprenez-en davantage sur le chanvre, comment utiliser le CBD pour diverses choses, et comment int\u00e9grer les produits \u00e0 base de chanvre dans votre vie quotidienne. Trouvez tout ce que votre c\u0153ur d\u00e9sire savoir sur le chanvre dans notre <a class=\"h-link\" href=\"https:\/\/hempika.com\/en\/blog\/\">blog<\/a>.<\/p>\n<div class=\"h-about-articles\">\n<div class=\"h-about-ritual-article\">\n<div class=\"h-about-ritual-article-img-hemp\">\n\t\t\t\t<\/div>\n<div class=\"h-about-ritual-article-title\">\n\t\t\t\t\t<a href=\"https:\/\/hempika.com\/en\/hemp-101\/\" target=\"_blank\">Chanvre 101<\/a> <!-- add \/hemp\/ page -->\n\t\t\t\t<\/div>\n<\/p><\/div>\n<div class=\"h-about-ritual-article\">\n<div class=\"h-about-ritual-article-img-cbd\">\n\t\t\t\t<\/div>\n<div class=\"h-about-ritual-article-title\">\n\t\t\t\t\t<a href=\"https:\/\/hempika.com\/en\/cbd-cannabidiol\/\" target=\"_blank\">Cannabidiol (CBD) 101<\/a> <!-- add \/cbd\/ page -->\n\t\t\t\t<\/div>\n<\/p><\/div>\n<div class=\"h-about-ritual-article\">\n<div class=\"h-about-ritual-article-img-cannabinoids\">\n\t\t\t\t<\/div>\n<div class=\"h-about-ritual-article-title\">\n\t\t\t\t\t<a href=\"https:\/\/hempika.com\/en\/all-about-cannabinoids\/\" target=\"_blank\">Cannabino\u00efdes 101<\/a> <!-- add \/cannabinoids\/ page -->\n\t\t\t\t<\/div>\n<\/p><\/div>\n<\/p><\/div>\n<\/p><\/div>\n<\/p><\/div>\n<\/div>\n","protected":false},"excerpt":{"rendered":"<p>Goutte apr\u00e8s goutte, nous avons construit Hempika. Nous aimons la couleur verte, nous d\u00e9fendons les standards les plus \u00e9lev\u00e9s pour nos produits, et nous cr\u00e9ons avec une mentalit\u00e9 minimaliste. Pas de compromis en mati\u00e8re de qualit\u00e9. Nous compl\u00e9tons et am\u00e9liorons les pratiques traditionnelles avec les derni\u00e8res d\u00e9couvertes et une approche de pointe. Pas d\u2019avidit\u00e9 dans [&hellip;]<\/p>\n","protected":false},"author":1,"featured_media":0,"parent":0,"menu_order":0,"comment_status":"closed","ping_status":"closed","template":"custom-page-template.php","meta":{"footnotes":""},"class_list":["post-25559","page","type-page","status-publish","hentry"],"_links":{"self":[{"href":"https:\/\/hempika.com\/fr\/wp-json\/wp\/v2\/pages\/25559","targetHints":{"allow":["GET"]}}],"collection":[{"href":"https:\/\/hempika.com\/fr\/wp-json\/wp\/v2\/pages"}],"about":[{"href":"https:\/\/hempika.com\/fr\/wp-json\/wp\/v2\/types\/page"}],"author":[{"embeddable":true,"href":"https:\/\/hempika.com\/fr\/wp-json\/wp\/v2\/users\/1"}],"replies":[{"embeddable":true,"href":"https:\/\/hempika.com\/fr\/wp-json\/wp\/v2\/comments?post=25559"}],"version-history":[{"count":0,"href":"https:\/\/hempika.com\/fr\/wp-json\/wp\/v2\/pages\/25559\/revisions"}],"wp:attachment":[{"href":"https:\/\/hempika.com\/fr\/wp-json\/wp\/v2\/media?parent=25559"}],"curies":[{"name":"wp","href":"https:\/\/api.w.org\/{rel}","templated":true}]}}