{"id":40546,"date":"2023-03-13T13:48:51","date_gmt":"2023-03-13T12:48:51","guid":{"rendered":"https:\/\/hempika.com\/product\/cbd-paste\/"},"modified":"2026-04-21T08:41:17","modified_gmt":"2026-04-21T06:41:17","slug":"cbd-paste","status":"publish","type":"product","link":"https:\/\/hempika.com\/de\/produkt\/cbd-paste\/","title":{"rendered":"CBD-Paste"},"content":{"rendered":"<div class=\"dolg\">\r\n\r\n<p>Die <strong>CBD-Paste<\/strong> von Hempika ist die ideale Wahl f\u00fcr wahre CBD-Liebhaber und erfahrene Anwender. Sie k\u00f6nnen zwischen drei verschiedenen Konzentrationen w\u00e4hlen, die alle aus einem Vollspektrum-Cannabis-sativa-Extrakt, Kokosbutter und Bienenwachs hergestellt sind. Eine praktische Verpackung in Form eines Dispensers erm\u00f6glicht eine pr\u00e4zise Dosierung.<\/p>\r\n\r\n<p>Je nach Ihren Bed\u00fcrfnissen und Erfahrungen mit CBD w\u00e4hlen Sie die richtige Konzentration der Paste:<\/p>\r\n\r\n<ul>\r\n\t<li><strong>CBD-Paste 1000mg<\/strong>: Mittlere bis hochkonzentrierte Dosis f\u00fcr erfahrene t\u00e4gliche Nutzer.<\/li>\r\n\t<li><strong>CBD-Paste 1500mg<\/strong>: Hochkonzentrierte Dosis f\u00fcr diejenigen, die bereit sind, ihre CBD-Reise auf die n\u00e4chste Stufe zu bringen.<\/li>\r\n\t<li><strong>CBD-Paste 2500mg<\/strong>: Die st\u00e4rkste Dosis f\u00fcr CBD-Veteranen und Nutzer, die \u201eall-in\u201c gehen.<\/li>\r\n<\/ul>\r\n\r\n<p>Biologisch angebaute Hanfpflanzen liefern uns den CBD-Extrakt. Wie machen wir das? Durch die Verwendung von \u00fcberkritischem CO2, das eine breite Palette von Cannabinoiden und ein breites Spektrum an vorteilhaften Verbindungen bewahrt. Dank der reichen Palette biologisch aktiver Verbindungen und ihrer komplexen Wechselwirkungen spielt die CBD-Paste eine Rolle bei der Funktion des Endocannabinoid-Systems. Das Ergebnis? Positive Auswirkungen auf Ihr allgemeines Wohlbefinden und Ihre Gesundheit.<\/p>\r\n\r\n<h2>Ist das das richtige Produkt f\u00fcr mich?<\/h2>\r\n\r\n<p>Nicht sicher, ob Sie bereit sind, der hochwirksamen CBD-Paste eine Chance zu geben? Sie ist definitiv die ideale Wahl, wenn Sie ein Produkt suchen, das von Natur aus vorhandene Verbindungen wie Cannabinoide, Terpene, Flavonoide, Aminos\u00e4uren, Ketone, Glykoside, Vitamine, Pigmente und andere N\u00e4hrstoffe enth\u00e4lt. Wir empfehlen es fortgeschrittenen Nutzern, die an die starken Effekte des CBD gew\u00f6hnt sind.<\/p>\r\n\r\n<p>Im Vergleich zu CBD-Tropfen bietet CBD-Paste ein umfassenderes CBD-Erlebnis. Hier sind einige Situationen, in denen Menschen tendenziell st\u00e4rkere Dosen von CBD-Paste verwenden:<\/p>\r\n\r\n<ul>\r\n\t<li>Verk\u00fcrzen Sie Ihre Muskelregeneration nach Hochleistungssport. Haben Sie eine lange Wanderung gemacht oder suchen Sie nach einer M\u00f6glichkeit, die Erholungszeit zu verk\u00fcrzen und Ihrem K\u00f6rper eine wohlverdiente Entspannung zu g\u00f6nnen? Sportler sind in der Regel begeistert von den Ergebnissen, die sie mit einer hochdosierten CBD-Paste erzielen.<\/li>\r\n\t\r\n\t<li>Betrachten Sie sich als Nachteule, die nie wirklich bereit ist, einzuschlafen? Probieren Sie die CBD-Paste aus und bereiten Sie sich auf positive \u00dcberraschungen vor!<\/li> \r\n\t\r\n\t<li>Ist das Lied \u201eHello darkness, my old friend\u201c irgendwie auf Dauerschleife? Das Leben ist alles andere als hell, wenn man mit Angstzust\u00e4nden, Depressionen und Panikattacken zu k\u00e4mpfen hat. Vieles kann getan werden, um diese Zust\u00e4nde zu \u00fcberwinden, und es gibt sicherlich keine magische Einzell\u00f6sung. Doch in all diesem emotionalen Chaos berichten unsere Kunden regelm\u00e4\u00dfig von einer Linderung unangenehmer Empfindungen bei der Anwendung hochdosierter CBD-Paste.<\/li> \r\n\t\r\n\t<li>Suchen Sie nach einem Kreativit\u00e4tsschub? Die Muse der Inspiration kann nicht mit Ihnen kommunizieren, wenn Ihr Geist st\u00e4ndig mit \u00dcberforderung, \u00c4ngsten und Aufgaben gef\u00fcllt ist. Um sich von den Unsinnigkeiten des modernen Zeitalters zu befreien, verwenden K\u00fcnstler und Kreative auf der ganzen Welt CBD-Produkte. Es lohnt sich, es auszuprobieren!<\/li>\r\n\t\r\n\t<li>T\u00e4gliche Situationen und K\u00f6rper-\/Geistzust\u00e4nde k\u00f6nnen zu schwerwiegenderen Zust\u00e4nden f\u00fchren. Unsere Kunden berichten, dass sie bei allen m\u00f6glichen Problemen nach Hilfe im CBD suchen, wie z.B. Linderung von k\u00f6rperlichen Schmerzen, Umgang mit Abh\u00e4ngigkeiten und Kater, Hilfe bei Darmproblemen, verschiedenen Hautkrankheiten, einigen neurologischen St\u00f6rungen, einem breiten Spektrum von Autoimmunerkrankungen, vielen psychischen St\u00f6rungen und vielem mehr.<\/li>\r\n<\/ul>\r\n\r\n<h2>Wie &#038; wann verwendet man CBD-Paste?<\/h2>\r\n\r\n<p>Es gibt keine festen Regeln oder Anweisungen, wann oder wie oft Sie CBD-Paste verwenden sollten. So unterschiedlich wie jede Person ist, so vielf\u00e4ltig ist auch die Verwendung von CBD-Paste. Mit der Zeit werden Sie Ihr eigenes Rezept entdecken und Ihre eigene Beziehung zu CBD-Produkten aufbauen. Wir empfehlen Ihnen, langsam zu beginnen und die Dosis je nach Ihren t\u00e4glichen Bed\u00fcrfnissen und Stimmungen zu erh\u00f6hen. Aber keine Sorge \u2013 es gibt kein \u201ezu viel\u201c CBD oder ein \u201eHigh\u201c-Gef\u00fchl damit.<\/p>\r\n\r\n<h2>Kreieren Sie Ihr Hanf-Ritual<\/h2>\r\n\r\n<p>Sind Sie bereit f\u00fcr ein Ritual-Experiment? Oh ja, wir lieben das! \u00dcberlegen Sie, wie Sie die CBD-Anwendung mit einem Ihrer bereits gut verankerten t\u00e4glichen Rituale verbinden k\u00f6nnten. Wann k\u00f6nnten Sie Entspannung und Seelenfrieden gebrauchen? Verwandeln Sie hektische Zeiten in eine Minute der Atmung, sanfter Dehnungen Ihres K\u00f6rpers und ein oder zwei Umdrehungen des CBD-Pastenapplikators. W\u00e4hlen Sie die f\u00fcr Sie passende Zeit \u2013 vielleicht vor dem Einschlafen, vor einem wichtigen Meeting, wenn der Druck steigt, oder einfach in jedem anderen Moment, in dem Sie etwas \u201eZeit f\u00fcr sich\u201c brauchen. Seien Sie kreativ; kommen Sie auf neue Ideen, wie Sie CBD in Ihre t\u00e4gliche Routine integrieren k\u00f6nnen! Die CBD-Paste von Hempika kann zu einem SOS-Begleiter werden, immer in Ihrer Tasche oder Ihrem Portemonnaie.<\/p>\r\n\r\n<h2>Wie schmeckt es?<\/h2>\r\n\r\n<p>Zweifeln Sie am Geschmack der CBD-Paste? Schlie\u00dflich sieht sie komisch aus, etwas dunkel, und nicht unbedingt wie das Leckerste auf der Welt, oder? Nun ja, es ist schlie\u00dflich Hanf, den Sie verwenden! Die CBD-Paste enth\u00e4lt Kokosbutter und Bienenwachs, schmeckt aber immer noch nach Hanf.<\/p>\r\n\r\n<h2>Verwendung<\/h2>\r\n\r\n<p>Den Applikator im Uhrzeigersinn drehen, um die Paste zu dosieren.<br\/>\r\nNach dem Gebrauch den Applikator gegen den Uhrzeigersinn drehen, um den Druck zu l\u00f6sen und ein Auslaufen zu verhindern.<br\/>\r\n1 Umdrehung enth\u00e4lt 30mg \/ 45mg \/ 75mg Cannabidiol (CBD).<br\/>\r\nBei \u00dcberempfindlichkeit die Anwendung abbrechen.<\/p>\r\n\r\n<h2>Inhaltsstoffe<\/h2>\r\n<p>Vollspektrum-Hanfextrakt, Kokosbutter, Bienenwachs.<br\/>\r\n<u>INCI<\/u>: Cannabis Sativa Leaf Extract, Cocos Nucifera Oil, Cera Alba.<\/p>\r\n\r\n<h2>Lagerung<\/h2>\r\n<p>K\u00fchl lagern. Vor Sonnenlicht sch\u00fctzen.<br\/>\r\nAu\u00dferhalb der Reichweite von Kindern aufbewahren.<br\/>\r\nHaltbarkeit: 18 Monate<\/p>\r\n\r\n<\/div>\n","protected":false},"excerpt":{"rendered":"<div class=\"kratek\">\n<p>Sie m\u00f6chten die reinste und st\u00e4rkste Form von CBD mit vollem Spektrum? Entscheiden Sie sich f\u00fcr CBD-Paste! Sie ist die perfekte Wahl f\u00fcr erfahrene CBD-Liebhaber, die das Beste aus Hanf suchen. Erh\u00e4ltlich in drei Konzentrationen.<\/p>\n<\/div>\n","protected":false},"featured_media":44940,"comment_status":"open","ping_status":"closed","template":"","meta":[],"product_brand":[],"product_cat":[335],"product_tag":[],"class_list":{"0":"post-40546","1":"product","2":"type-product","3":"status-publish","4":"has-post-thumbnail","6":"product_cat-hanfprodukte","8":"first","9":"instock","10":"taxable","11":"shipping-taxable","12":"purchasable","13":"product-type-variable","14":"has-default-attributes"},"_links":{"self":[{"href":"https:\/\/hempika.com\/de\/wp-json\/wp\/v2\/product\/40546","targetHints":{"allow":["GET"]}}],"collection":[{"href":"https:\/\/hempika.com\/de\/wp-json\/wp\/v2\/product"}],"about":[{"href":"https:\/\/hempika.com\/de\/wp-json\/wp\/v2\/types\/product"}],"replies":[{"embeddable":true,"href":"https:\/\/hempika.com\/de\/wp-json\/wp\/v2\/comments?post=40546"}],"wp:featuredmedia":[{"embeddable":true,"href":"https:\/\/hempika.com\/de\/wp-json\/wp\/v2\/media\/44940"}],"wp:attachment":[{"href":"https:\/\/hempika.com\/de\/wp-json\/wp\/v2\/media?parent=40546"}],"wp:term":[{"taxonomy":"product_brand","embeddable":true,"href":"https:\/\/hempika.com\/de\/wp-json\/wp\/v2\/product_brand?post=40546"},{"taxonomy":"product_cat","embeddable":true,"href":"https:\/\/hempika.com\/de\/wp-json\/wp\/v2\/product_cat?post=40546"},{"taxonomy":"product_tag","embeddable":true,"href":"https:\/\/hempika.com\/de\/wp-json\/wp\/v2\/product_tag?post=40546"}],"curies":[{"name":"wp","href":"https:\/\/api.w.org\/{rel}","templated":true}]}}