{"id":40529,"date":"2023-03-13T14:01:14","date_gmt":"2023-03-13T13:01:14","guid":{"rendered":"https:\/\/hempika.com\/product\/cbd-tropfen\/"},"modified":"2026-04-16T08:20:55","modified_gmt":"2026-04-16T06:20:55","slug":"cbd-tropfen","status":"publish","type":"product","link":"https:\/\/hempika.com\/de\/produkt\/cbd-tropfen\/","title":{"rendered":"CBD Tropfen"},"content":{"rendered":"<div class=\"dolg\">\r\n\r\n<p>Die <strong>CBD-Tropfen<\/strong> von Hempika bestehen aus einem Vollspektrum-Hanfextrakt, der in kaltgepresstem Hanfsamen\u00f6l aufgel\u00f6st ist. Die elegante Verpackung mit Milliliter-Markierungen auf der Pipette erm\u00f6glicht eine pr\u00e4zise Dosierung und einen sicheren Einstieg in die Welt des CBD.<\/p>\r\n\r\n<p>Abh\u00e4ngig von Ihren Bed\u00fcrfnissen und Erfahrungen mit CBD w\u00e4hlen Sie die richtige Konzentration, um von den Entourage-Effekten des CBD auf Ihr allgemeines Wohlbefinden zu profitieren.<\/p>\r\n\r\n<ul>\r\n<li><strong>CBD-Tropfen 500mg<\/strong>: Niedrige Dosierung, ideal f\u00fcr Anf\u00e4nger.<\/li>\r\n<li><strong>CBD-Tropfen 1000mg<\/strong>: Mittlere Dosierung, eine beliebte Wahl f\u00fcr regelm\u00e4\u00dfige Nutzer.<\/li>\r\n<li><strong>CBD-Tropfen 1500mg<\/strong>: Hochkonzentrierte Dosis f\u00fcr erfahrene und anspruchsvolle Nutzer.<\/li>\r\n<\/ul>\r\n\r\n<p>Der Extrakt wird aus biologisch angebauten Hanfpflanzen durch superkritisches CO<sub>2<\/sub> gewonnen, wodurch eine breite Palette an Cannabinoiden, Terpenen und anderen n\u00fctzlichen N\u00e4hrstoffen erhalten bleibt. Dank des reichhaltigen Spektrums biologisch aktiver Verbindungen und deren gegenseitiger Wechselwirkungen unterst\u00fctzen die Tropfen die Funktion des Endocannabinoid-Systems und haben positive Auswirkungen auf die Gesundheit und das allgemeine Wohlbefinden.<\/p>\r\n\r\n<h2>Ist dies das richtige Produkt f\u00fcr mich?<\/h2>\r\n\r\n<p>W\u00e4hlen Sie das richtige Produkt f\u00fcr Ihren t\u00e4glichen Bedarf!<\/p>\r\n\r\n<ul>\r\n<li><strong>M\u00f6chten Sie die Welt des CBD mit sicheren, kleinen Schritten betreten?<\/strong> Oder sind Sie einfach nur neugierig, wie sich Ihre Stimmung mit regelm\u00e4\u00dfiger CBD-Anwendung \u00e4ndern k\u00f6nnte? Dann sind die CBD-Tropfen 500mg ideal f\u00fcr Ihre Bed\u00fcrfnisse.<\/li>\r\n<li><strong>Suchen Sie nach mehrmaliger t\u00e4glicher Anwendung von CBD in mittleren Mengen?<\/strong> Oder sind Sie einfach neugierig, wie sich Ihre Gef\u00fchle bei regelm\u00e4\u00dfiger CBD-Nutzung \u00e4ndern k\u00f6nnten? Dann sind die CBD-Tropfen 1000mg die richtige Wahl f\u00fcr Sie.<\/li>\r\n<li><strong>Wer sind die regelm\u00e4\u00dfigen CBD-Nutzer, die die hochkonzentrierten CBD-Tropfen 1000mg lieben?<\/strong> Aktive Menschen und Sportler, die sich eine schnellere Regeneration w\u00fcnschen; Menschen, die hohem Stress und emotionaler Belastung ausgesetzt sind; Nachteulen, die Schwierigkeiten haben, einzuschlafen&#8230; Wenn Sie neugierig sind, wie sich Ihre Stimmung und Gef\u00fchle mit der regelm\u00e4\u00dfigen Nutzung von hochkonzentriertem CBD \u00e4ndern, dann sind die 1500mg CBD-Tropfen ideal f\u00fcr Sie.<\/li>\r\n<\/ul>\r\n\r\n<p><strong>Hier sind einige allt\u00e4gliche Probleme, bei denen Menschen oft Hilfe im CBD suchen:<\/strong> Schmerzlinderung, Abh\u00e4ngigkeiten, Schlaflosigkeit, Angstzust\u00e4nde, Kater, Magenprobleme, Hautkrankheiten, neurologische St\u00f6rungen, Autoimmunerkrankungen, zahlreiche psychische St\u00f6rungen und viele, viele mehr.<\/p>\r\n\r\n<h2>Wie und wann CBD-Tropfen verwenden?<\/h2>\r\n\r\n<p>Es gibt keine Regel, wann oder wie oft CBD verwendet werden soll. Jeder Mensch ist anders, daher werden Sie mit der Zeit Ihre eigene Formel entdecken und Ihre eigene Freundschaft mit den CBD-Tropfen aufbauen. Wir empfehlen, mit kleinen Dosen zu beginnen und diese langsam zu erh\u00f6hen. Aber keine Sorge &#8211; ein &#8222;High&#8220; durch CBD ist nicht m\u00f6glich.<\/p>\r\n\r\n<h2>Kreieren Sie Ihr eigenes Hanf-Ritual<\/h2>\r\n<p>Rituale erden uns, bringen friedliche Momente in unsere hektischen Tage und schaffen Raum f\u00fcr reinen Genuss. Wir ermutigen Sie, die CBD-Anwendung mit einem Ihrer t\u00e4glichen Rituale zu verbinden. Wann f\u00fchlen Sie sich tags\u00fcber am meisten gestresst oder brauchen eine kleine Pause von der Welt? Verwandeln Sie stressige Momente in eine Minute f\u00fcr ein paar tiefe Atemz\u00fcge und ein paar Tropfen CBD. Dies kann vor dem Schlafengehen, w\u00e4hrend der Mittagspause, bei Aufregung oder einfach in jedem Moment sein, in dem Sie das Bed\u00fcrfnis haben, sich zu zentrieren. Die CBD-Tropfen von Hempika k\u00f6nnen Sie immer begleiten und zu einem SOS-Artikel in Ihrer Tasche oder Ihrem Portemonnaie werden. Seien Sie kreativ; finden Sie Ideen f\u00fcr Ihr kleines t\u00e4gliches Hanf-Ritual!<\/p>\r\n\r\n<h2>Wie schmeckt es?<\/h2>\r\n<p>Erwarten Sie keinen s\u00fc\u00dfen Milch-und-Honig-Geschmack. Es ist Hanf, den Sie verwenden! Die CBD-Tropfen sind in kaltgepresstem Hanfsamen\u00f6l aufgel\u00f6st, wodurch sie &#8211; nun ja, nach Hanf schmecken. Aber wenn wir eine Metapher verwenden &#8211; was bitter schmeckt, hinterl\u00e4sst einen s\u00fc\u00dfen Nachgeschmack. Genie\u00dfen Sie es!<\/p>\r\n\r\n<h2>Wie benutzt man CBD-Tropfen?<\/h2>\r\n<p>Die Flasche vor Gebrauch gut sch\u00fctteln.<br\/>\r\nMit einer Pipette die Anzahl der Tropfen oder die Menge an \u00d6l abmessen.<br\/>\r\n1 Tropfen enth\u00e4lt 1.7mg \/ 3.3mg \/ 5.0mg Cannabidiol (CBD).<br\/>\r\nEine Flasche (10ml) enth\u00e4lt etwa 300 Tropfen.<br\/>\r\nBei \u00dcberempfindlichkeit die Anwendung abbrechen.<\/p>\r\n\r\n<h2>Inhaltsstoffe<\/h2>\r\n<p>Hanfsamen\u00f6l, Vollspektrum-Hanfextrakt.<\/p>\r\n\r\n<h2>INCI<\/h2>\r\n<p>Cannabis Sativa Seed Oil, Cannabis Sativa Leaf Extract.<\/p>\r\n\r\n<h2>Lagerung<\/h2>\r\n<p>K\u00fchl lagern. Vor Sonnenlicht sch\u00fctzen.<br\/>\r\nAu\u00dfer Reichweite von Kindern aufbewahren.<br\/>\r\nHaltbarkeit: 18 Monate<\/p>\r\n\r\n<\/div>\n","protected":false},"excerpt":{"rendered":"<div class=\"kratek\">\n<p>Die beliebtesten CBD-Tropfen bei den Kunden sind eine ideale L\u00f6sung f\u00fcr die t\u00e4gliche Anwendung. Eine beliebte Wahl sowohl f\u00fcr Anf\u00e4nger als auch erfahrene Nutzer. Dieses Bestseller-Produkt ist in drei verschiedenen Konzentrationen erh\u00e4ltlich.<\/p>\n<\/div>\n","protected":false},"featured_media":47381,"comment_status":"open","ping_status":"closed","template":"","meta":[],"product_brand":[],"product_cat":[335],"product_tag":[],"class_list":{"0":"post-40529","1":"product","2":"type-product","3":"status-publish","4":"has-post-thumbnail","6":"product_cat-hanfprodukte","8":"first","9":"instock","10":"sale","11":"taxable","12":"shipping-taxable","13":"purchasable","14":"product-type-variable","15":"has-default-attributes"},"_links":{"self":[{"href":"https:\/\/hempika.com\/de\/wp-json\/wp\/v2\/product\/40529","targetHints":{"allow":["GET"]}}],"collection":[{"href":"https:\/\/hempika.com\/de\/wp-json\/wp\/v2\/product"}],"about":[{"href":"https:\/\/hempika.com\/de\/wp-json\/wp\/v2\/types\/product"}],"replies":[{"embeddable":true,"href":"https:\/\/hempika.com\/de\/wp-json\/wp\/v2\/comments?post=40529"}],"wp:featuredmedia":[{"embeddable":true,"href":"https:\/\/hempika.com\/de\/wp-json\/wp\/v2\/media\/47381"}],"wp:attachment":[{"href":"https:\/\/hempika.com\/de\/wp-json\/wp\/v2\/media?parent=40529"}],"wp:term":[{"taxonomy":"product_brand","embeddable":true,"href":"https:\/\/hempika.com\/de\/wp-json\/wp\/v2\/product_brand?post=40529"},{"taxonomy":"product_cat","embeddable":true,"href":"https:\/\/hempika.com\/de\/wp-json\/wp\/v2\/product_cat?post=40529"},{"taxonomy":"product_tag","embeddable":true,"href":"https:\/\/hempika.com\/de\/wp-json\/wp\/v2\/product_tag?post=40529"}],"curies":[{"name":"wp","href":"https:\/\/api.w.org\/{rel}","templated":true}]}}