{"id":24262,"date":"2020-12-15T11:45:05","date_gmt":"2020-12-15T10:45:05","guid":{"rendered":"https:\/\/hempika.com\/product\/hautpflege-set\/"},"modified":"2024-07-14T19:42:46","modified_gmt":"2024-07-14T17:42:46","slug":"hautpflege-set","status":"publish","type":"product","link":"https:\/\/hempika.com\/de\/produkt\/hautpflege-set\/","title":{"rendered":"HAUTPFLEGE-SET"},"content":{"rendered":"<p>Beinhaltet:<\/p>\n<p><a href=\"https:\/\/hempika.com\/de\/produkt\/cbd-gesichtscreme\/\">CBD Gesichtscreme<\/a><br \/>\n<a href=\"https:\/\/hempika.com\/de\/produkt\/cbd-korperbutter\/\">CBD K\u00f6rperbutter<\/a><br \/>\n<a href=\"https:\/\/hempika.com\/de\/produkt\/hanf-shampoo-bar\/\">Hanf Shampoo-Bar<\/a><br \/>\n<a href=\"https:\/\/hempika.com\/de\/produkt\/hanfseife\/\">Hanfseife<\/a><\/p>\n","protected":false},"excerpt":{"rendered":"<p>Pflanzliches Hautpflege-Set, das Ihre Haut von Kopf bis Fu\u00df zum Strahlen bringt. Die rein nat\u00fcrlichen Haut- und Haarpflegeprodukte sind das perfekte Geschenk f\u00fcr Ihre Haut und Ihre Lieben.<\/p>\n<p>F\u00fcr alle Haut- und Haartypen geeignet.<br \/>\n4-in-1<\/p>\n","protected":false},"featured_media":24263,"comment_status":"open","ping_status":"closed","template":"","meta":[],"product_brand":[],"product_cat":[335],"product_tag":[],"class_list":{"0":"post-24262","1":"product","2":"type-product","3":"status-publish","4":"has-post-thumbnail","6":"product_cat-hanfprodukte","8":"first","9":"outofstock","10":"taxable","11":"shipping-taxable","12":"purchasable","13":"product-type-simple"},"_links":{"self":[{"href":"https:\/\/hempika.com\/de\/wp-json\/wp\/v2\/product\/24262","targetHints":{"allow":["GET"]}}],"collection":[{"href":"https:\/\/hempika.com\/de\/wp-json\/wp\/v2\/product"}],"about":[{"href":"https:\/\/hempika.com\/de\/wp-json\/wp\/v2\/types\/product"}],"replies":[{"embeddable":true,"href":"https:\/\/hempika.com\/de\/wp-json\/wp\/v2\/comments?post=24262"}],"wp:featuredmedia":[{"embeddable":true,"href":"https:\/\/hempika.com\/de\/wp-json\/wp\/v2\/media\/24263"}],"wp:attachment":[{"href":"https:\/\/hempika.com\/de\/wp-json\/wp\/v2\/media?parent=24262"}],"wp:term":[{"taxonomy":"product_brand","embeddable":true,"href":"https:\/\/hempika.com\/de\/wp-json\/wp\/v2\/product_brand?post=24262"},{"taxonomy":"product_cat","embeddable":true,"href":"https:\/\/hempika.com\/de\/wp-json\/wp\/v2\/product_cat?post=24262"},{"taxonomy":"product_tag","embeddable":true,"href":"https:\/\/hempika.com\/de\/wp-json\/wp\/v2\/product_tag?post=24262"}],"curies":[{"name":"wp","href":"https:\/\/api.w.org\/{rel}","templated":true}]}}