{"id":24260,"date":"2020-12-22T15:37:23","date_gmt":"2020-12-22T14:37:23","guid":{"rendered":"https:\/\/hempika.com\/product\/hanf-lebensmittel-set\/"},"modified":"2022-02-02T09:29:17","modified_gmt":"2022-02-02T08:29:17","slug":"hanf-lebensmittel-set","status":"publish","type":"product","link":"https:\/\/hempika.com\/de\/produkt\/hanf-lebensmittel-set\/","title":{"rendered":"HANF-LEBENSMITTEL-SET"},"content":{"rendered":"<p>Beinhaltet:<\/p>\n<p><a href=\"https:\/\/hempika.com\/de\/produkt\/hanfsamenol\/\">Hanfsamen\u00f6l<\/a><br \/>\n<a href=\"https:\/\/hempika.com\/de\/produkt\/hanftee\/\">Hanftee<\/a><br \/>\n<a href=\"https:\/\/hempika.com\/de\/produkt\/hanfprotein\/\">Hanfprotein<\/a><br \/>\n<a href=\"https:\/\/hempika.com\/de\/produkt\/hanfmehl\/\">Hanfmehl<\/a><br \/>\n<a href=\"https:\/\/hempika.com\/de\/produkt\/ungeschalte-hanfsamen\/\">Ungesch\u00e4lte Hanfsamen<\/a><br \/>\n<a href=\"https:\/\/hempika.com\/de\/produkt\/geschalte-hanfsamen\/\">Gesch\u00e4lter Hanfsamen<\/a><\/p>\n","protected":false},"excerpt":{"rendered":"<p>Verw\u00f6hnen Sie sich und unterst\u00fctzen Sie Ihren gesunden Lebensstil mit unserer Bio-Hanf-Supernahrungsmittel-Kollektion. Begeben Sie sich auf eine \u00fcberraschende und wohlschmeckende Reise hin zu Ihrem Wohlbefinden.<\/p>\n<p>BIO-zertifiziert<br \/>\n6-in-1<\/p>\n","protected":false},"featured_media":24261,"comment_status":"open","ping_status":"closed","template":"","meta":[],"product_brand":[],"product_cat":[335],"product_tag":[],"class_list":{"0":"post-24260","1":"product","2":"type-product","3":"status-publish","4":"has-post-thumbnail","6":"product_cat-hanfprodukte","8":"first","9":"outofstock","10":"taxable","11":"shipping-taxable","12":"purchasable","13":"product-type-simple"},"_links":{"self":[{"href":"https:\/\/hempika.com\/de\/wp-json\/wp\/v2\/product\/24260","targetHints":{"allow":["GET"]}}],"collection":[{"href":"https:\/\/hempika.com\/de\/wp-json\/wp\/v2\/product"}],"about":[{"href":"https:\/\/hempika.com\/de\/wp-json\/wp\/v2\/types\/product"}],"replies":[{"embeddable":true,"href":"https:\/\/hempika.com\/de\/wp-json\/wp\/v2\/comments?post=24260"}],"wp:featuredmedia":[{"embeddable":true,"href":"https:\/\/hempika.com\/de\/wp-json\/wp\/v2\/media\/24261"}],"wp:attachment":[{"href":"https:\/\/hempika.com\/de\/wp-json\/wp\/v2\/media?parent=24260"}],"wp:term":[{"taxonomy":"product_brand","embeddable":true,"href":"https:\/\/hempika.com\/de\/wp-json\/wp\/v2\/product_brand?post=24260"},{"taxonomy":"product_cat","embeddable":true,"href":"https:\/\/hempika.com\/de\/wp-json\/wp\/v2\/product_cat?post=24260"},{"taxonomy":"product_tag","embeddable":true,"href":"https:\/\/hempika.com\/de\/wp-json\/wp\/v2\/product_tag?post=24260"}],"curies":[{"name":"wp","href":"https:\/\/api.w.org\/{rel}","templated":true}]}}