{"id":24105,"date":"2020-11-18T10:18:28","date_gmt":"2020-11-18T09:18:28","guid":{"rendered":"https:\/\/hempika.com\/product\/cbd-tropfen-fur-tiere\/"},"modified":"2026-04-21T08:42:02","modified_gmt":"2026-04-21T06:42:02","slug":"cbd-tropfen-fur-tiere","status":"publish","type":"product","link":"https:\/\/hempika.com\/de\/produkt\/cbd-tropfen-fur-tiere\/","title":{"rendered":"CBD-Tropfen f\u00fcr Haustiere"},"content":{"rendered":"<div class=\"dolg\">\r\n\r\n<p>Die <strong>CBD-Tropfen f\u00fcr Haustiere<\/strong> von Hempika sind speziell f\u00fcr Ihre pelzigen Freunde formuliert. Sie werden aus unserem Hanfextrakt mit breitem Spektrum hergestellt, der in MCT-\u00d6l gel\u00f6st ist und mit Speckaroma angereichert wurde.<\/p>\r\n\r\n<h2>Bei welchen Gelegenheiten sollte ich meinem Haustier CBD-Tropfen geben?<\/h2>\r\n\r\n<p>Es gibt viele Gr\u00fcnde, warum und wann Tierhalter sich entscheiden, CBD in die Ern\u00e4hrung ihres Haustiers zu integrieren. Beginnen wir damit, den Mythos zu widerlegen, dass CBD nur gelegentlich verwendet werden kann. Diese \u00dcberzeugung ist nicht korrekt. <strong>Sie k\u00f6nnen CBD-Tropfen regelm\u00e4\u00dfig und t\u00e4glich dem Futter Ihres Hundes \/ Ihrer Katze \/ &#8230; hinzuf\u00fcgen.<\/strong> Nat\u00fcrlich k\u00f6nnen Sie sich auch daf\u00fcr entscheiden, es nur bei besonderen Anl\u00e4ssen zu verwenden \u2013 etwa im Dezember, wenn es viel L\u00e4rm durch Feuerwerk gibt und Tiere \u00e4ngstlich und erschreckt sind. CBD wirkt wie ein magischer Elixier zur Stress- und Angstlinderung.<\/p>\r\n\r\n<p><strong>Der zweite Grund, warum Tierhalter oft CBD w\u00e4hlen, ist die altersbedingte Schmerzbehandlung.<\/strong> Hat Ihr pelziger Freund es geliebt, zu rennen, zu springen und zu spielen? Aber mit zunehmendem Alter begann er, Gelenkschmerzen und Steifheit zu erleben, was es ihm erschwerte, alles zu tun, was er liebte. In gewisser Weise unterscheiden sich Hunde \/ Katzen \/ &#8230; nicht so sehr von Menschen \u2013 wir erleben beide dieselben k\u00f6rperlichen Schmerzen und emotionalen Zust\u00e4nde und haben ein Endocannabinoid-System im K\u00f6rper. <strong>CBD wirkt, indem es mit dem Endocannabinoid-System des K\u00f6rpers interagiert, das bei der Regulierung von Schmerzen, Entz\u00fcndungen und \u00c4ngsten hilft \u2013 das gilt f\u00fcr Tiere und Menschen!<\/strong> Die regelm\u00e4\u00dfige Verwendung von CBD kann Ihrem Haustier helfen, sich leichter zu bewegen und sich in seiner Haut wohler zu f\u00fchlen.<\/p>\r\n\r\n<p><strong>Die Vorteile von CBD-Tropfen f\u00fcr Haustiere gehen \u00fcber die blo\u00dfe Linderung von Gelenkschmerzen hinaus. Hier sind einige weitere Gr\u00fcnde, warum und wann man sie verwenden sollte:<\/strong><\/p>\r\n\r\n<ul>\r\n\t<li><u>Angst<\/u>: Wenn Ihr vierbeiniger Familienmitglied w\u00e4hrend Autofahrten, Gewittern oder anderen stressigen Situationen \u00e4ngstlich wird, kann CBD-\u00d6l helfen, seine Nerven zu beruhigen und ihn entspannter zu machen.<\/li>\r\n\t<li><u>Appetit<\/u>: Wenn Ihr Haustier nicht so viel isst, wie es sollte, kann CBD-\u00d6l die L\u00f6sung sein. Es kann helfen, den Appetit anzuregen und es wieder zu seinen normalen Essgewohnheiten zur\u00fcckbringen.<\/li>\r\n\t<li><u>Unterst\u00fctzung des Immunsystems<\/u>: CBD-\u00d6l kann helfen, das Immunsystem Ihres Haustieres zu st\u00e4rken, sodass Infektionen und Krankheiten leichter bek\u00e4mpft werden k\u00f6nnen.<\/li>\r\n\t<li><u>Haut- und Fellgesundheit<\/u>: CBD-\u00d6l ist reich an essentiellen Fetts\u00e4uren, die f\u00fcr die Gesundheit von Haut und Fell Ihres Haustiers wichtig sind.<\/li>\r\n<\/ul>\r\n\r\n<h2>Wird mein Haustier \u201ehigh\u201c?<\/h2>\r\n\r\n<p>Nein, absolut nicht! Das nicht-psychoaktive Cannabidiol CBD ist das am h\u00e4ufigsten vorkommende Cannabinoid in Hanf und eines der am meisten erforschten. Wenn Sie z\u00f6gern, weil Sie denken, dass es Ihren pelzigen Familienmitglied &#8222;benebelt&#8220; oder &#8222;verwirrt&#8220; machen k\u00f6nnte, lassen Sie uns Sie beruhigen: all diese Sorgen sind unn\u00f6tig. Wie Menschen k\u00f6nnen auch Tiere nicht durch die Verwendung von CBD \u201ehigh\u201c werden. Au\u00dferdem ist dieses Produkt v\u00f6llig THC-frei!<\/p>\r\n\r\n<p><strong>CBD-\u00d6l f\u00fcr Haustiere ist sicher, ungiftig und hat kaum bis keine Nebenwirkungen.<\/strong> Ob Ihr pelziger Freund ein \u00e4lterer Hund mit Gelenkschmerzen oder eine junge Katze mit Angstzust\u00e4nden ist, CBD-\u00d6l kann ein nat\u00fcrlicher, effektiver Weg sein, ihm zu helfen, sich besser zu f\u00fchlen. Der Extrakt der Hempika CBD-Tropfen f\u00fcr Haustiere wird aus biologisch angebautem Hanf gewonnen, unter Verwendung von \u00fcberkritischem CO2, welches eine breite Palette von Cannabinoiden und anderen N\u00e4hrstoffen bewahrt.<\/p>\r\n\r\n<h2>Inhaltsstoffe<\/h2>\r\n<p>MCT-\u00d6l, Hanfextrakt mit breitem Spektrum, Speckaroma.<\/p>\r\n\r\n<h2>Anwendung<\/h2>\r\n<p>Vor Gebrauch gut sch\u00fctteln.<br\/>\r\nMit dem Futter mischen oder direkt in das Maul des Tieres geben.<br\/>\r\nVor der Anwendung einen Tierarzt konsultieren.<br\/>\r\n1 Tropfen enth\u00e4lt ca. 1.7 mg Cannabidiol (CBD).<br\/>\r\n1 Flasche (10ml) enth\u00e4lt etwa 300 Tropfen.<\/p>\r\n\r\n<h2>Lagerung<\/h2>\r\n<p>K\u00fchl lagern. Vor Sonnenlicht sch\u00fctzen.<br\/>\r\nAu\u00dferhalb der Reichweite von Kindern aufbewahren.<br\/>\r\nHaltbarkeit: 18 Monate<\/p>\r\n\r\n<\/div>\n","protected":false},"excerpt":{"rendered":"<div class=\"kratek\">\n<p>Nat\u00fcrliche Linderung f\u00fcr Ihren pelzigen Freund dank unseres Hanfextrakts mit breitem Spektrum. Formuliert mit Speckaroma, das sogar den w\u00e4hlerischsten Vierbeiner zufriedenstellen wird. Das Lieblingsnahrungserg\u00e4nzungsmittel Ihres Haustiers.<\/p>\n<\/div>\n","protected":false},"featured_media":47376,"comment_status":"open","ping_status":"closed","template":"","meta":[],"product_brand":[],"product_cat":[335],"product_tag":[],"class_list":{"0":"post-24105","1":"product","2":"type-product","3":"status-publish","4":"has-post-thumbnail","6":"product_cat-hanfprodukte","8":"first","9":"instock","10":"taxable","11":"shipping-taxable","12":"purchasable","13":"product-type-simple"},"_links":{"self":[{"href":"https:\/\/hempika.com\/de\/wp-json\/wp\/v2\/product\/24105","targetHints":{"allow":["GET"]}}],"collection":[{"href":"https:\/\/hempika.com\/de\/wp-json\/wp\/v2\/product"}],"about":[{"href":"https:\/\/hempika.com\/de\/wp-json\/wp\/v2\/types\/product"}],"replies":[{"embeddable":true,"href":"https:\/\/hempika.com\/de\/wp-json\/wp\/v2\/comments?post=24105"}],"wp:featuredmedia":[{"embeddable":true,"href":"https:\/\/hempika.com\/de\/wp-json\/wp\/v2\/media\/47376"}],"wp:attachment":[{"href":"https:\/\/hempika.com\/de\/wp-json\/wp\/v2\/media?parent=24105"}],"wp:term":[{"taxonomy":"product_brand","embeddable":true,"href":"https:\/\/hempika.com\/de\/wp-json\/wp\/v2\/product_brand?post=24105"},{"taxonomy":"product_cat","embeddable":true,"href":"https:\/\/hempika.com\/de\/wp-json\/wp\/v2\/product_cat?post=24105"},{"taxonomy":"product_tag","embeddable":true,"href":"https:\/\/hempika.com\/de\/wp-json\/wp\/v2\/product_tag?post=24105"}],"curies":[{"name":"wp","href":"https:\/\/api.w.org\/{rel}","templated":true}]}}