{"id":24103,"date":"2020-11-18T10:22:07","date_gmt":"2020-11-18T09:22:07","guid":{"rendered":"https:\/\/hempika.com\/product\/hanf-shampoo-bar\/"},"modified":"2024-10-20T18:07:18","modified_gmt":"2024-10-20T16:07:18","slug":"hanf-shampoo-bar","status":"publish","type":"product","link":"https:\/\/hempika.com\/de\/produkt\/hanf-shampoo-bar\/","title":{"rendered":"HANF SHAMPOO-BAR"},"content":{"rendered":"<p><strong>Hempika Hanf Shampoo-Bar<\/strong> f\u00fcr eine empfindliche Kopfhaut mit kaltgepressten Hanfsamen und Kokos\u00f6l spendet es hohe Feuchtigkeit und sch\u00fctzt Ihr Haar. Die antibakteriellen Eigenschaften des \u00e4therischen Lavendel\u00f6ls bieten lang anhaltenden Schutz f\u00fcr Ihr Haar und beruhigen die Kopfhaut wirksam. Sein mildes und blumiges Aroma bietet angenehme Entspannung und baut Stress ab. Ton entfernt effektiv Schmutz und verbessert die Kopfhautzirkulation, w\u00e4hrend Apfelessig das Haar gl\u00e4nzend und geschmeidig macht.<\/p>\n<p>Enth\u00e4lt nur 100 % nat\u00fcrliche pflanzliche Inhaltsstoffe (vegan). Frei von Parabenen, Mineral\u00f6len, k\u00fcnstlichen Pigmenten, Duftstoffen, Konservierungsmitteln, Emulgatoren und Verdickungsmitteln.<\/p>\n<p><strong>INHALTSSTOFFE:<\/strong><br \/>\nKokos\u00f6l, Oliven\u00f6l, Jojobasamen\u00f6l, Hanfsamen\u00f6l, wei\u00dfer Ton, gr\u00fcner Ton, Apfelessig, \u00e4therisches Lavendel\u00f6l.<\/p>\n<p><strong>INCI:<\/strong><br \/>\nSodium Coco-sulfate, Sodium Cocoate, Sodium Olivate, Cannabis Sativa Seed Oil, Simmondsia Chinensis Seed Oil, Kaolin, Illite, Apple Cider Vinegar, Panthenol, Lavandula Angustifolia Oil, Citric Acid, Montmorillonite, Linalool*. *Nat\u00fcrliche Bestandteile \u00e4therischer \u00d6le<\/p>\n<p><strong>ANWENDUNG:<\/strong><br \/>\nReiben Sie die Shampoo-Bar auf das nasse Haar, um einen zarten Schaum zu erzeugen.<br \/>\nMassieren Sie die Kopfhaut mit den Fingerspitzen und sp\u00fclen Sie dann das Haar gut mit Wasser ab.<br \/>\nVerwenden Sie bei Bedarf eine Haarsp\u00fclung.<br \/>\nDas Shampoo eignet sich f\u00fcr h\u00e4ufiges Waschen aller Haartypen.<br \/>\nBei \u00dcberempfindlichkeit nicht verwenden.<\/p>\n<p><strong>LAGERUNG:<\/strong><br \/>\nBei Raumtemperatur aufbewahren.<br \/>\nTrocken aufbewahren<br \/>\nAuf ein Abtropfgitter legen, um ein Aufl\u00f6sen in Wasser zu vermeiden.<\/p>\n<p><strong>LAGERHALTBARKEIT:<\/strong><br \/>\n24 Monate<\/p>\n","protected":false},"excerpt":{"rendered":"<p>Lassen Sie Ihr Haar in seiner ganzen Pracht mit einem pflanzlichen, handgefertigten Shampoo erstrahlen. Reinigt, st\u00e4rkt und sch\u00fctzt Ihr Haar sanft vor dem Austrocknen und der Endspaltung.<\/p>\n<p>F\u00fcr alle Haartypen geeignet.<br \/>\n50 g<\/p>\n","protected":false},"featured_media":24104,"comment_status":"open","ping_status":"closed","template":"","meta":[],"product_brand":[],"product_cat":[335],"product_tag":[],"class_list":{"0":"post-24103","1":"product","2":"type-product","3":"status-publish","4":"has-post-thumbnail","6":"product_cat-hanfprodukte","8":"first","9":"outofstock","10":"sale","11":"taxable","12":"shipping-taxable","13":"purchasable","14":"product-type-simple"},"_links":{"self":[{"href":"https:\/\/hempika.com\/de\/wp-json\/wp\/v2\/product\/24103","targetHints":{"allow":["GET"]}}],"collection":[{"href":"https:\/\/hempika.com\/de\/wp-json\/wp\/v2\/product"}],"about":[{"href":"https:\/\/hempika.com\/de\/wp-json\/wp\/v2\/types\/product"}],"replies":[{"embeddable":true,"href":"https:\/\/hempika.com\/de\/wp-json\/wp\/v2\/comments?post=24103"}],"wp:featuredmedia":[{"embeddable":true,"href":"https:\/\/hempika.com\/de\/wp-json\/wp\/v2\/media\/24104"}],"wp:attachment":[{"href":"https:\/\/hempika.com\/de\/wp-json\/wp\/v2\/media?parent=24103"}],"wp:term":[{"taxonomy":"product_brand","embeddable":true,"href":"https:\/\/hempika.com\/de\/wp-json\/wp\/v2\/product_brand?post=24103"},{"taxonomy":"product_cat","embeddable":true,"href":"https:\/\/hempika.com\/de\/wp-json\/wp\/v2\/product_cat?post=24103"},{"taxonomy":"product_tag","embeddable":true,"href":"https:\/\/hempika.com\/de\/wp-json\/wp\/v2\/product_tag?post=24103"}],"curies":[{"name":"wp","href":"https:\/\/api.w.org\/{rel}","templated":true}]}}