{"id":24083,"date":"2020-10-30T15:47:19","date_gmt":"2020-10-30T14:47:19","guid":{"rendered":"https:\/\/hempika.com\/product\/cbd-kristalle\/"},"modified":"2026-04-15T06:23:36","modified_gmt":"2026-04-15T04:23:36","slug":"cbd-kristalle","status":"publish","type":"product","link":"https:\/\/hempika.com\/de\/produkt\/cbd-kristalle\/","title":{"rendered":"CBD-Isolat"},"content":{"rendered":"<div class=\"dolg\">\n<p>Sie lieben die Effekte von CBD oder m\u00f6chten es ausprobieren, aber m\u00f6chten auf der sicheren Seite bleiben, wenn es um THC-Tests geht? Dann ist das Hempika <strong>CBD-Isolat<\/strong> genau das Richtige f\u00fcr Sie! Dieses Produkt ist eine raffinierte und kristallisierte Form von Hanfextrakt, die mehr als 99 % Cannabidiol (CBD) enth\u00e4lt. Es ist die reinste Form von nat\u00fcrlich vorkommendem Cannabidiol, das aus der Hanfpflanze gewonnen und mit modernen Extraktionstechniken hergestellt wird. Das Beste von CBD, zu 100 % ohne THC!<\/p>\n<h2>Ist dies das richtige Produkt f\u00fcr mich?<\/h2>\n<p>Was ist eigentlich der Unterschied zwischen CBD-Vollspektrum (zu finden in Tropfen, Pasten und Sprays) und einer isolierten Version? Vollspektrum-Produkte enthalten noch eine geringe Menge THC, die zwar nicht berauschend wirkt, aber f\u00fcr diejenigen, die regelm\u00e4\u00dfigen THC-Tests ausgesetzt sind, eine unsichere Wahl sein kann. Das CBD-Isolat von Hempika ist in Pulverform erh\u00e4ltlich, was die Anwendung einfach und sicher macht.<\/p>\n<p><strong>Hier einige Beispiele von Menschen, die lieber CBD-Isolat statt Vollspektrum-Produkten verwenden:<\/strong><\/p>\n<ul>\n<li>Berufst\u00e4tige (Sportler, Soldaten, Polizisten, Marineoffiziere usw.), die regelm\u00e4\u00dfig verschiedenen Tests unterzogen werden, einschlie\u00dflich THC-Tests, w\u00e4hlen wahrscheinlich ein CBD-Isolat anstelle von Vollspektrum-CBD-Produkten. Andere Produkte k\u00f6nnen immer noch THC-Spuren im Blut hinterlassen.<\/li>\n<li>M\u00f6chten Sie auf der sicheren Seite bleiben und dennoch alle Vorteile von CBD genie\u00dfen? Das Isolat ist die Antwort. Probieren Sie es aus und beobachten Sie, wie es die Intensit\u00e4t Ihrer t\u00e4glichen Herausforderungen und k\u00f6rperlichen Empfindungen reduziert.<\/li>\n<li>Lieben Sie die Vielseitigkeit von Produkten? Sie werden das Isolat lieben! Hier nur ein kleiner Hinweis auf die unz\u00e4hligen Anwendungsm\u00f6glichkeiten: Herstellung eigener CBD-Heimprodukte, wie das Kombinieren mit \u00d6len oder anderen kosmetischen Grundlagen zur Hautanwendung; Mischen von \u00d6ll\u00f6sungen f\u00fcr verschiedene Zwecke; Hinzuf\u00fcgen zu elektronischen Zigarettenf\u00fcllungen oder Verdampfung; orale Anwendung und vieles mehr.<\/li>\n<\/ul>\n<h2>Wie und wann verwendet man CBD-Isolat?<\/h2>\n<p>Es gibt keine strengen Regeln oder Vorschriften, wenn es um die Verwendung von CBD geht. Jeder Mensch ist ein einzigartiges System, und so variiert die Verwendung von CBD von Person zu Person. Es ist wichtig, dass Sie Ihren eigenen Rhythmus und die f\u00fcr Sie passende Dosierung finden. Warum nicht einfach anfangen und die Dosis je nach t\u00e4glichem Bedarf und Stimmung erh\u00f6hen? Sie k\u00f6nnen auch kreativ werden und alle m\u00f6glichen Arten der Verwendung von CBD-Isolat ausprobieren. Testen Sie es und finden Sie Ihr bestes Rezept!<\/p>\n<h2>Kreieren Sie Ihr Ritual<\/h2>\n<p>Dar\u00fcber nachzudenken, wie man ein neues Produkt in die t\u00e4gliche Routine integriert, kann \u00fcberw\u00e4ltigend sein. Statt so strikt zu sein, denken Sie daran, ein achtsames CBD-Tagesritual zu schaffen. Rituale erden uns, bringen uns in den gegenw\u00e4rtigen Moment zur\u00fcck, zur\u00fcck zu unserem Atem, und geben uns eine Minute reiner Ruhe. Wenn der hektische Teil des Tages einsetzt, ist dies Ihr Aufruf f\u00fcr ein CBD-Ritual. K\u00f6nnten wir nicht alle etwas Entspannung und Seelenfrieden gebrauchen? Verwenden Sie CBD-Isolat vor dem Einschlafen, vor einer wichtigen Aufgabe, die Sie erledigen m\u00fcssen, wenn Stress an Ihre T\u00fcr klopft, oder einfach zu jedem anderen Zeitpunkt, an dem Sie ein wenig &#8222;Zeit f\u00fcr sich&#8220; brauchen. Das CBD-Isolat von Hempika kann schnell zu Ihrem SOS-Ruf werden, immer in Ihrer Tasche oder Hosentasche.<\/p>\n<h2>Wie schmeckt es?<\/h2>\n<p>Das Isolat hat keinen spezifischen Geschmack oder Geruch. Es ist nur ein Pulver, das Sie auf verschiedene Arten verwenden k\u00f6nnen, ohne den Geschmack eines Getr\u00e4nks oder den Geruch anderer Produkte (wenn Sie es in der Kosmetik verwenden m\u00f6chten) zu ver\u00e4ndern.<\/p>\n<h2>Anwendung<\/h2>\n<p>Ausschlie\u00dflich f\u00fcr pharmazeutische Zwecke.<\/p>\n<h2>Inhaltsstoffe<\/h2>\n<p>Cannabidiol (CAS: 13956-29-1)<\/p>\n<h2>Warnung<\/h2>\n<p>Verwenden Sie es nicht, ohne die Sicherheitshinweise gelesen und verstanden zu haben.<br \/>\nGesundheitssch\u00e4dlich bei Verschlucken.<br \/>\nVermutet, die Fruchtbarkeit oder das ungeborene Kind zu sch\u00e4digen.<br \/>\nEntsorgen Sie den Inhalt\/Beh\u00e4lter gem\u00e4\u00df den nationalen Vorschriften.<\/p>\n<h2>Lagerung<\/h2>\n<p>K\u00fchl lagern. Vor Sonnenlicht sch\u00fctzen.<br \/>\nAu\u00dferhalb der Reichweite von Kindern aufbewahren.<br \/>\nHaltbarkeit: 18 Monate<\/p>\n<\/div>\n","protected":false},"excerpt":{"rendered":"<div class=\"kratek\">\n<p>Erleben Sie die wahre Kraft von CBD in seiner reinsten und saubersten Form! Suchen Sie nach einem 100 % THC-freien Produkt? Hier ist es! Das Isolat ist ein aus Hanf gewonnenes kristallisiertes Extrakt in Pulverform f\u00fcr vielf\u00e4ltige Anwendungsm\u00f6glichkeiten.<\/p>\n<p class=\"kolicina\">~1000mg CBD \/ 1g<\/p>\n<\/div>\n","protected":false},"featured_media":44958,"comment_status":"open","ping_status":"closed","template":"","meta":[],"product_brand":[],"product_cat":[335],"product_tag":[],"class_list":{"0":"post-24083","1":"product","2":"type-product","3":"status-publish","4":"has-post-thumbnail","6":"product_cat-hanfprodukte","8":"first","9":"instock","10":"taxable","11":"shipping-taxable","12":"purchasable","13":"product-type-simple"},"_links":{"self":[{"href":"https:\/\/hempika.com\/de\/wp-json\/wp\/v2\/product\/24083","targetHints":{"allow":["GET"]}}],"collection":[{"href":"https:\/\/hempika.com\/de\/wp-json\/wp\/v2\/product"}],"about":[{"href":"https:\/\/hempika.com\/de\/wp-json\/wp\/v2\/types\/product"}],"replies":[{"embeddable":true,"href":"https:\/\/hempika.com\/de\/wp-json\/wp\/v2\/comments?post=24083"}],"wp:featuredmedia":[{"embeddable":true,"href":"https:\/\/hempika.com\/de\/wp-json\/wp\/v2\/media\/44958"}],"wp:attachment":[{"href":"https:\/\/hempika.com\/de\/wp-json\/wp\/v2\/media?parent=24083"}],"wp:term":[{"taxonomy":"product_brand","embeddable":true,"href":"https:\/\/hempika.com\/de\/wp-json\/wp\/v2\/product_brand?post=24083"},{"taxonomy":"product_cat","embeddable":true,"href":"https:\/\/hempika.com\/de\/wp-json\/wp\/v2\/product_cat?post=24083"},{"taxonomy":"product_tag","embeddable":true,"href":"https:\/\/hempika.com\/de\/wp-json\/wp\/v2\/product_tag?post=24083"}],"curies":[{"name":"wp","href":"https:\/\/api.w.org\/{rel}","templated":true}]}}