{"id":24081,"date":"2020-11-18T10:17:05","date_gmt":"2020-11-18T09:17:05","guid":{"rendered":"https:\/\/hempika.com\/product\/cbd-salbe\/"},"modified":"2026-04-14T21:52:09","modified_gmt":"2026-04-14T19:52:09","slug":"cbd-salbe","status":"publish","type":"product","link":"https:\/\/hempika.com\/de\/produkt\/cbd-salbe\/","title":{"rendered":"CBD Balsam"},"content":{"rendered":"<div class=\"dolg\">\n<p>Man sagt, dass f\u00fcr jede Krankheit eine Blume w\u00e4chst, und wir haben das Beste der weltweit bekannten nat\u00fcrlichen Heilmittel f\u00fcr problematische Haut in einem Produkt vereint \u2013 dem therapeutischen CBD-Balsam. Er ist darauf ausgelegt, Ihre Haut vor dem Austrocknen zu sch\u00fctzen und den Heilungsprozess zu f\u00f6rdern. Dank der pflegenden Wirkungen jedes enthaltenen Bestandteils wird dieser Balsam schnell zu einem unverzichtbaren Freund f\u00fcr Ihre Haut.<\/p>\n<p><strong>Der Hempika CBD-Balsam wird auch als \u201eSoS-Salbe\u201c bezeichnet, die sanft Ihre Haut, Haare und N\u00e4gel pflegt.<\/strong> Der Balsam wirkt als starkes Antioxidans; er st\u00e4rkt das nat\u00fcrliche Abwehrsystem der Haut und ihre F\u00e4higkeit zur Regeneration und ist ein hervorragendes Mittel zur Linderung und Beseitigung verschiedener Hautbeschwerden. Sie k\u00f6nnen ihn zur Linderung verschiedener Hautprobleme verwenden, z. B. bei Dermatitis, Herpes und Insektenstichen; er hilft auch bei der Wundheilung (er wirkt als nat\u00fcrliches Wundheilmittel).<\/p>\n<p>CBD-Balsam ist ein unverzichtbarer Freund und t\u00e4glicher Begleiter in der Pflege problematischer Haut. Diese Formel ist wasserfrei, was bedeutet, dass wir keine Konservierungsstoffe oder Alkohol hinzuf\u00fcgen m\u00fcssen. Was diesen Balsam so einzigartig macht, ist die Auswahl an nat\u00fcrlichen Inhaltsstoffen: Aprikosenkern\u00f6l, Kokos\u00f6l, Sheabutter, Sesam\u00f6l, Candelillawachs, Oliven\u00f6l, Kakaobutter, Hanfauszug, Traubenkern\u00f6l und Rosmarinblattextrakt. <strong>Nur die pflegendsten \u00d6le, sogar f\u00fcr die empfindlichsten Hauttypen.<\/strong><\/p>\n<h2>Wie und wann wird der CBD-Balsam verwendet?<\/h2>\n<p>Es gibt keine festen Regeln f\u00fcr seine Anwendung! Sie k\u00f6nnen ihn verwenden, wann immer Sie m\u00f6chten! Unsere gesch\u00e4tzten Kunden, die diese \u201eMagie in einem Glas\u201c regelm\u00e4\u00dfig verwenden, berichten, dass die regelm\u00e4\u00dfige Anwendung des Balsams ein echter Wendepunkt bei Problemen wie Ekzemen, trockener Haut, Dermatitis, Sonnenbrand, Psoriasis, gereizter Haut und anderen Hautbeschwerden ist.<\/p>\n<h2>Lernen Sie die Inhaltsstoffe im Detail kennen<\/h2>\n<p><strong>CBD Hanfauszug<\/strong><br \/>\n<i><small>(Cannabis Sativa Leaf Extract)<\/small><\/i><\/p>\n<p>Unser absoluter Lieblingsbestandteil ist nat\u00fcrlich CBD! Es ist die erste Wahl f\u00fcr empfindliche Haut, die zu R\u00f6tungen und Reizungen neigt. In Bezug auf Hautpflege besitzt es beeindruckende Eigenschaften, wie z. B. die Reduzierung von Entz\u00fcndungen (es kann bei Zust\u00e4nden wie Akne, Ekzemen und Psoriasis hilfreich sein). Es hilft, die Haut zu befeuchten, zu hydratisieren und zu erweichen; es besitzt Anti-Aging-Vorteile, sch\u00fctzt die Haut vor Sch\u00e4den durch freie Radikale und reguliert die Talgproduktion der Haut, was es f\u00fcr Menschen mit fettiger oder zu Akne neigender Haut n\u00fctzlich macht.<\/p>\n<p><strong>Aprikosenkern\u00f6l<\/strong><br \/>\n<i><small>(Prunus Armeniaca Kernel Oil)<\/small><\/i><\/p>\n<p>Aprikosenkern\u00f6l ist reich an antioxidativem Vitamin E und pflegenden Fetts\u00e4uren (haupts\u00e4chlich \u00d6ls\u00e4ure 54-74%, Linols\u00e4ure 12-35%). Es ist als pflegendes \u00d6l bekannt, hat n\u00e4hrende und feuchtigkeitsspendende Eigenschaften, pflegt das Haar und verbessert die Hautelastizit\u00e4t. Es ist ideal f\u00fcr trockene Hauttypen (dank des hohen Gehalts an \u00d6ls\u00e4ure), beruhigt Entz\u00fcndungen und sorgt f\u00fcr eine jugendlich aussehende Haut. Es kann bei Hautproblemen wie Ekzemen, Psoriasis und Rosacea hilfreich sein. Aprikosenkern\u00f6l kann auch vor Sonnensch\u00e4den sch\u00fctzen, da es Antioxidantien enth\u00e4lt, die helfen, die Haut vor Sch\u00e4den durch UV-Strahlung zu sch\u00fctzen. Dar\u00fcber hinaus zieht Aprikosenkern\u00f6l schnell in die Haut ein und hinterl\u00e4sst keinen fettigen Film.<\/p>\n<p><strong>Kokos\u00f6l<\/strong><br \/>\n<i><small>(Cocos Nucifera Oil)<\/small><\/i><\/p>\n<p>Das ber\u00fcchtigte Kokos\u00f6l ist in den letzten zehn Jahren in den Vordergrund ger\u00fcckt, obwohl es seit Jahrhunderten in der traditionellen Medizin und Hautpflege verwendet wird. Der Hype darum ist real, und es gibt gute Gr\u00fcnde, warum Sie es auf Ihren ganzen K\u00f6rper schmieren m\u00f6chten. Kokos\u00f6l hat durch seine vielf\u00e4ltigen Vorteile in der Hautpflege an Beliebtheit gewonnen, wie z. B. die Befeuchtung der Haut, die Linderung von Entz\u00fcndungen, die Bek\u00e4mpfung von Akne, die Verbesserung der Hauttextur und die Reduzierung von feinen Linien und Falten. Es ist eines der \u00d6le mit dem breitesten Spektrum an positiven Effekten auf die Haut.<\/p>\n<p><strong>Sheabutter<\/strong><br \/>\n<i><small>(Butyrospermum Parkii Butter)<\/small><\/i><\/p>\n<p>Sheabutter ist wahrscheinlich noch beliebter als Kokos\u00f6l. Warum der ganze Hype? Weil sie wie ein &#8222;magischer Feuchtigkeitsspender und Emollient&#8220; wirkt. Sheabutter (ein nat\u00fcrliches Fett, das aus den N\u00fcssen des Sheabaums gewonnen wird) regeneriert die Haut, beruhigt Entz\u00fcndungen, hat heilende Eigenschaften und sch\u00fctzt die Haut vor \u00e4u\u00dferen Einfl\u00fcssen (wie UV-Strahlen oder Wind). Eine ihrer schwer zu \u00fcbersehenden Rollen in der Hautpflege ist, dass sie hilft, Narben zu heilen und zu verhindern. Sie ist auch reich an Antioxidantien (wie Vitamin A, E, F, Quercetin und Epigallocatechingallat). Geben Sie diesem vielseitigen Inhaltsstoff, der die Zellregeneration der Haut f\u00f6rdert, eine Chance in Ihrer t\u00e4glichen Hautpflege, und Sie werden von den Ergebnissen \u00fcberrascht sein.<\/p>\n<p><strong>Sesam\u00f6l<\/strong><br \/>\n<i><small>(Sesamum Indicum Seed Oil)<\/small><\/i><\/p>\n<p>Das goldene Sesam\u00f6l ist reich an pflegenden und feuchtigkeitsspendenden Fetts\u00e4uren (ca. 38% \u00d6ls\u00e4ure und 48% Linols\u00e4ure) und eignet sich perfekt zur Reparatur und Regeneration trockener Haut. Es wird als \u201edas \u00d6l\u201c in der Ayurveda bezeichnet und wird seit Jahrhunderten in der traditionellen Medizin und Hautpflege eingesetzt. Sesam\u00f6l zieht schnell ein und verleiht der Haut ein weiches und zartes Gef\u00fchl. Seine vorteilhaften Eigenschaften sind: die Haut zu befeuchten, Schutz vor UV-Strahlung (es enth\u00e4lt nat\u00fcrliche Antioxidantien, die die Haut sch\u00fctzen k\u00f6nnen), die Verbesserung der Hautstruktur, Beruhigung von Entz\u00fcndungen und Bek\u00e4mpfung von Bakterien. Es hat antibakterielle Eigenschaften, die das Risiko verschiedener Hautinfektionen reduzieren k\u00f6nnen.<\/p>\n<p><strong>Weitere wohltuende Inhaltsstoffe<\/strong><\/p>\n<p>Weitere Inhaltsstoffe, die im CBD-Balsam ihre Wirkung entfalten, sind <strong>Oliven\u00f6l, Kakaobutter, Traubenkern\u00f6l, Raps\u00f6l, Candelillawachs und Rosmarin\u00f6l<\/strong>. Sie verleihen diesem Produkt zus\u00e4tzliche Qualit\u00e4ten, wie antibakterielle Eigenschaften, adstringierende und tonisierende Funktionen, Anti-Aging-Vorteile, Verbesserung der Hautbarrierefunktion und viele mehr.<\/p>\n<h2>Anwendung<\/h2>\n<p>Sanft mit kreisenden Bewegungen auf die gereinigte und trockene Haut auftragen.<br \/>\nGeeignet f\u00fcr den t\u00e4glichen Gebrauch und alle Hauttypen.<br \/>\nDer Balsam ist auch effektiv f\u00fcr die Pflege von N\u00e4geln und Haaren.<br \/>\n1 ml Balsam enth\u00e4lt 10 mg Cannabidiol (CBD).<br \/>\nBei \u00dcberempfindlichkeit die Anwendung einstellen.<\/p>\n<h2>Inhaltsstoffe<\/h2>\n<p>Aprikosenkern\u00f6l, Kokos\u00f6l, Sheabutter, Sesam\u00f6l, Candelillawachs, Oliven\u00f6l, Kakaobutter, Vollspektrum-Hanfauszug, Traubenkern\u00f6l, Raps\u00f6l, Rosmarinblattextrakt.<\/p>\n<p><strong>INCI:<\/strong> Prunus Armeniaca Kernel Oil, Cocos Nucifera Oil, Butyrospermum Parkii Butter, Glyceryl Rosinate, Sesamum Indicum Seed Oil, Candelilla Cera, Olea Europaea Fruit Oil, Theobroma Cacao Seed Butter, Cannabis Sativa Leaf Extract, Vitis Vinifera Seed Oil, Caprylic\/Capric Triglyceride, Brassica Campestris Seed Oil, Rosmarinus Officinalis Leaf Extract, Vanillin, Heliotropine, Propylene Glycol.<\/p>\n<h2>Lagerung<\/h2>\n<p>K\u00fchl aufbewahren. Vor Sonneneinstrahlung sch\u00fctzen.<br \/>\nAu\u00dferhalb der Reichweite von Kindern aufbewahren.<br \/>\nHaltbarkeit: 18 Monate<\/p>\n<\/div>\n","protected":false},"excerpt":{"rendered":"<div class=\"kratek\">\n<p>Therapeutische Allround-Salbe mit einem nicht fettenden, feuchtigkeitsspendenden Effekt, der langanhaltende Geschmeidigkeit auf der Haut hinterl\u00e4sst. Reich an Vollspektrum-Hanfauszug und hergestellt aus den weltweit bekanntesten \u00d6len f\u00fcr problematische Haut.<\/p>\n<p class=\"kolicina\">300mg CBD \/ 30ml<\/p>\n<\/div>\n","protected":false},"featured_media":44965,"comment_status":"open","ping_status":"closed","template":"","meta":[],"product_brand":[],"product_cat":[335],"product_tag":[],"class_list":{"0":"post-24081","1":"product","2":"type-product","3":"status-publish","4":"has-post-thumbnail","6":"product_cat-hanfprodukte","8":"first","9":"instock","10":"taxable","11":"shipping-taxable","12":"purchasable","13":"product-type-simple"},"_links":{"self":[{"href":"https:\/\/hempika.com\/de\/wp-json\/wp\/v2\/product\/24081","targetHints":{"allow":["GET"]}}],"collection":[{"href":"https:\/\/hempika.com\/de\/wp-json\/wp\/v2\/product"}],"about":[{"href":"https:\/\/hempika.com\/de\/wp-json\/wp\/v2\/types\/product"}],"replies":[{"embeddable":true,"href":"https:\/\/hempika.com\/de\/wp-json\/wp\/v2\/comments?post=24081"}],"wp:featuredmedia":[{"embeddable":true,"href":"https:\/\/hempika.com\/de\/wp-json\/wp\/v2\/media\/44965"}],"wp:attachment":[{"href":"https:\/\/hempika.com\/de\/wp-json\/wp\/v2\/media?parent=24081"}],"wp:term":[{"taxonomy":"product_brand","embeddable":true,"href":"https:\/\/hempika.com\/de\/wp-json\/wp\/v2\/product_brand?post=24081"},{"taxonomy":"product_cat","embeddable":true,"href":"https:\/\/hempika.com\/de\/wp-json\/wp\/v2\/product_cat?post=24081"},{"taxonomy":"product_tag","embeddable":true,"href":"https:\/\/hempika.com\/de\/wp-json\/wp\/v2\/product_tag?post=24081"}],"curies":[{"name":"wp","href":"https:\/\/api.w.org\/{rel}","templated":true}]}}