{"id":24053,"date":"2020-11-18T10:21:46","date_gmt":"2020-11-18T09:21:46","guid":{"rendered":"https:\/\/hempika.com\/product\/cbd-korperbutter\/"},"modified":"2022-02-02T10:39:41","modified_gmt":"2022-02-02T09:39:41","slug":"cbd-korperbutter","status":"publish","type":"product","link":"https:\/\/hempika.com\/de\/produkt\/cbd-korperbutter\/","title":{"rendered":"CBD K\u00d6RPERBUTTER"},"content":{"rendered":"<p><strong>Hempika CBD K\u00f6rperbutter<\/strong> mit einem Vollspektrum Cannabis Sativa-Extrakt und Hanfsamen\u00f6l sorgt f\u00fcr geschmeidige und weiche Haut und beruhigt sie. Die Mangobutter n\u00e4hrt die Haut effektiv und spendet ihr Feuchtigkeit, w\u00e4hrend die entz\u00fcndungshemmenden Eigenschaften der Sheabutter die Heilung f\u00f6rdern. Der sanfte und frische Zitrusduft der \u00e4therischen \u00d6le aus Kampfer und Geranie verf\u00fcgen \u00fcber eine gro\u00dfartig pflegende Eigenschaft, die f\u00fcr sowohl empfindliche und trockene als auch gemischte und reife Hauttypen effektiv wirkt.<\/p>\n<p>Enth\u00e4lt nur 100 % nat\u00fcrliche pflanzliche Inhaltsstoffe (vegan). Frei von Parabenen, Mineral\u00f6len, k\u00fcnstlichen Pigmenten, Duftstoffen, Konservierungsmitteln, Emulgatoren und Verdickungsmitteln.<\/p>\n<p><strong>INHALTSSTOFFE:<\/strong><br \/>\nSheabutter, Mangosamenbutter, Hanfsamen\u00f6l, Vollspektrum-Hanfextrakt, Vitamin E, \u00e4therisches Ho-Holz\u00f6l, \u00e4therisches Geranium\u00f6l.<\/p>\n<p><strong>INCI:<\/strong><br \/>\nButyrospermum Parkii Butter, Mangifera Indica Seed Butter, Cannabis Sativa Seed Oil, Cannabis Sativa Leaf Extract, Tocopherol, Helianthus Annuus Seed Oil, Cinnamomum Camphora Linalooliferum Wood Oil, Pelargonium Graveolens Oil, Linalool*, Limonene*, Citronellol*, Citral*, Geraniol*. *Nat\u00fcrliche Bestandteile \u00e4therischer \u00d6le<\/p>\n<p><strong>ANWENDUNG:<\/strong><br \/>\nGeben Sie die K\u00f6rperbutter in Ihre Handfl\u00e4che und massieren Sie sie sanft in die sauberen und trockenen K\u00f6rperstellen ein.<br \/>\nGeeignet f\u00fcr die t\u00e4gliche Ganzk\u00f6rperpflege aller Hauttypen.<br \/>\nDie K\u00f6rperbutter kann auch als Alternative zum Haarbalsam verwendet werden.<br \/>\nBei \u00dcberempfindlichkeit nicht verwenden.<\/p>\n<p><strong>LAGERUNG:<\/strong><br \/>\nBei Raumtemperatur aufbewahren.<\/p>\n<p><strong>LAGERHALTBARKEIT:<\/strong><br \/>\n24 Monate<\/p>\n","protected":false},"excerpt":{"rendered":"<p>Die universelle Ganzk\u00f6rperpflege mit sorgf\u00e4ltig ausgew\u00e4hlten pflanzlichen Inhaltsstoffen spendet tiefenwirksame Feuchtigkeit und stellt die Elastizit\u00e4t der Haut wieder her &#8211; f\u00fcr maximalen Komfort.<\/p>\n<p>F\u00fcr alle Hauttypen geeignet.<br \/>\n300 mg CBD \/ 150 ml<\/p>\n","protected":false},"featured_media":24054,"comment_status":"open","ping_status":"closed","template":"","meta":[],"product_brand":[],"product_cat":[335],"product_tag":[],"class_list":{"0":"post-24053","1":"product","2":"type-product","3":"status-publish","4":"has-post-thumbnail","6":"product_cat-hanfprodukte","8":"first","9":"outofstock","10":"sale","11":"taxable","12":"shipping-taxable","13":"purchasable","14":"product-type-simple"},"_links":{"self":[{"href":"https:\/\/hempika.com\/de\/wp-json\/wp\/v2\/product\/24053","targetHints":{"allow":["GET"]}}],"collection":[{"href":"https:\/\/hempika.com\/de\/wp-json\/wp\/v2\/product"}],"about":[{"href":"https:\/\/hempika.com\/de\/wp-json\/wp\/v2\/types\/product"}],"replies":[{"embeddable":true,"href":"https:\/\/hempika.com\/de\/wp-json\/wp\/v2\/comments?post=24053"}],"wp:featuredmedia":[{"embeddable":true,"href":"https:\/\/hempika.com\/de\/wp-json\/wp\/v2\/media\/24054"}],"wp:attachment":[{"href":"https:\/\/hempika.com\/de\/wp-json\/wp\/v2\/media?parent=24053"}],"wp:term":[{"taxonomy":"product_brand","embeddable":true,"href":"https:\/\/hempika.com\/de\/wp-json\/wp\/v2\/product_brand?post=24053"},{"taxonomy":"product_cat","embeddable":true,"href":"https:\/\/hempika.com\/de\/wp-json\/wp\/v2\/product_cat?post=24053"},{"taxonomy":"product_tag","embeddable":true,"href":"https:\/\/hempika.com\/de\/wp-json\/wp\/v2\/product_tag?post=24053"}],"curies":[{"name":"wp","href":"https:\/\/api.w.org\/{rel}","templated":true}]}}