{"id":23919,"date":"2020-11-18T10:23:15","date_gmt":"2020-11-18T09:23:15","guid":{"rendered":"https:\/\/hempika.com\/product\/hanfseife\/"},"modified":"2024-10-22T14:33:45","modified_gmt":"2024-10-22T12:33:45","slug":"hanfseife","status":"publish","type":"product","link":"https:\/\/hempika.com\/de\/produkt\/hanfseife\/","title":{"rendered":"HANFSEIFE"},"content":{"rendered":"<p><strong>Hempika Hanfseife<\/strong> mit kaltgepresstem Hanfsamen\u00f6l sorgt f\u00fcr eine geschmeidige Haut und beruhigt sie. Kokos- und Oliven\u00f6l spendet effektiv Feuchtigkeit und sch\u00fctzt, w\u00e4hrend \u00e4therisches Lavendel\u00f6l mit seinen antibakteriellen Eigenschaften langanhaltenden Schutz f\u00fcr Ihre Haut bietet. Sein mildes und blumiges Aroma bietet angenehme Entspannung und baut Stress ab. Seifenst\u00fccke werden in einem kalten Verfahren handgefertigt, das alle ausschlie\u00dflich nat\u00fcrlichen essentiellen Qualit\u00e4tsfette bewahrt, die reichhaltig an Vitaminen und Mineralstoffen sind.<\/p>\n<p>Enth\u00e4lt nur 100 % nat\u00fcrliche pflanzliche Inhaltsstoffe (vegan). Frei von Parabenen, Mineral\u00f6len, k\u00fcnstlichen Pigmenten, Duftstoffen, Konservierungsmitteln, Emulgatoren und Verdickungsmitteln.<\/p>\n<p><strong>INHALTSSTOFFE:<\/strong><br \/>\nPalm\u00f6l (RSPO), Wasser, Kokos\u00f6l, Oliven\u00f6l, Kakaobutter, Hanfsamen\u00f6l, \u00e4therisches Lavendel\u00f6l, Vitamin E.<\/p>\n<p><strong>INCI:<\/strong><br \/>\nElaeis Guineensis Oil, Aqua, Cocos Nucifera Oil, Olea Europaea Fruit Oil, Sodium Hydroxide, Theobroma Cacao Seed Butter, Cannabis Sativa Seed Oil, Lavandula Angustifolia Oil, Tocopheryl Acetate, Limonene*, Linalool*, Geraniol*. *Natural components of essential oil<\/p>\n<p><strong>ANWENDUNG:<\/strong><br \/>\nReiben Sie die Seife zwischen Ihren H\u00e4nden, um einen milden Schaum zu erzeugen und waschen Sie den gew\u00fcnschten Teil Ihres K\u00f6rpers.<br \/>\nMit Wasser absp\u00fclen.<br \/>\nWenn gew\u00fcnscht, verwenden Sie Gesichtscreme oder K\u00f6rpercreme.<br \/>\nF\u00fcr alle Hauttypen und f\u00fcr den t\u00e4glichen Gebrauch als Hand-, Gesichts- oder K\u00f6rperseife geeignet.<br \/>\nEin St\u00fcck Seife ersetzt 1 Liter Fl\u00fcssigseife.<br \/>\nBei \u00dcberempfindlichkeit nicht verwenden.<\/p>\n<p><strong>LAGERUNG:<\/strong><br \/>\nBei Raumtemperatur aufbewahren.<br \/>\nTrocken aufbewahren<br \/>\nAuf ein Abtropfgitter legen, um ein Aufl\u00f6sen im Wasser zu vermeiden.<\/p>\n<p><strong>LAGERHALTBARKEIT:<\/strong><br \/>\n24 Monate<\/p>\n","protected":false},"excerpt":{"rendered":"<p>Handgefertigt mittels eines traditionellen Kaltverfahrens. Hergestellt aus sorgf\u00e4ltig ausgew\u00e4hlten pflanzlichen Inhaltsstoffen, die die Haut sanft, aber gr\u00fcndlich reinigt und gleichzeitig vor dem Austrocknen sch\u00fctzt.<\/p>\n<p>F\u00fcr alle Hauttypen geeignet.<br \/>\n100 g<\/p>\n","protected":false},"featured_media":23920,"comment_status":"open","ping_status":"closed","template":"","meta":[],"product_brand":[],"product_cat":[335],"product_tag":[],"class_list":{"0":"post-23919","1":"product","2":"type-product","3":"status-publish","4":"has-post-thumbnail","6":"product_cat-hanfprodukte","8":"first","9":"outofstock","10":"sale","11":"taxable","12":"shipping-taxable","13":"purchasable","14":"product-type-simple"},"_links":{"self":[{"href":"https:\/\/hempika.com\/de\/wp-json\/wp\/v2\/product\/23919","targetHints":{"allow":["GET"]}}],"collection":[{"href":"https:\/\/hempika.com\/de\/wp-json\/wp\/v2\/product"}],"about":[{"href":"https:\/\/hempika.com\/de\/wp-json\/wp\/v2\/types\/product"}],"replies":[{"embeddable":true,"href":"https:\/\/hempika.com\/de\/wp-json\/wp\/v2\/comments?post=23919"}],"wp:featuredmedia":[{"embeddable":true,"href":"https:\/\/hempika.com\/de\/wp-json\/wp\/v2\/media\/23920"}],"wp:attachment":[{"href":"https:\/\/hempika.com\/de\/wp-json\/wp\/v2\/media?parent=23919"}],"wp:term":[{"taxonomy":"product_brand","embeddable":true,"href":"https:\/\/hempika.com\/de\/wp-json\/wp\/v2\/product_brand?post=23919"},{"taxonomy":"product_cat","embeddable":true,"href":"https:\/\/hempika.com\/de\/wp-json\/wp\/v2\/product_cat?post=23919"},{"taxonomy":"product_tag","embeddable":true,"href":"https:\/\/hempika.com\/de\/wp-json\/wp\/v2\/product_tag?post=23919"}],"curies":[{"name":"wp","href":"https:\/\/api.w.org\/{rel}","templated":true}]}}