{"id":23917,"date":"2020-08-26T12:28:31","date_gmt":"2020-08-26T10:28:31","guid":{"rendered":"https:\/\/hempika.com\/product\/cbd-gesichtscreme\/"},"modified":"2024-07-10T11:26:51","modified_gmt":"2024-07-10T09:26:51","slug":"cbd-gesichtscreme","status":"publish","type":"product","link":"https:\/\/hempika.com\/de\/produkt\/cbd-gesichtscreme\/","title":{"rendered":"CBD GESICHTSCREME"},"content":{"rendered":"<p><strong>Hempika CBD Gesichtscreme<\/strong> mit einem Vollspektrum Cannabis Sativa-Extrakt und Hanfsamen\u00f6l sorgt f\u00fcr geschmeidige und weiche Haut. Mangobutter versorgt die Haut mit Feuchtigkeit und sch\u00fctzt sie, w\u00e4hrend das Mandel\u00f6l ihre nat\u00fcrliche Frische wiederherstellt. \u00c4therische \u00d6le aus Eisenkraut und Geranie mit einem beruhigenden und frischen Zitrusduft pflegen effektiv unreine und empfindliche Hauttypen sowie Haut, die zur Bildung von Ekzemen und Schuppenflechten neigt.<\/p>\n<p>Enth\u00e4lt nur 100 % nat\u00fcrliche pflanzliche Inhaltsstoffe (vegan). Frei von Parabenen, Mineral\u00f6len, k\u00fcnstlichen Pigmenten, Duftstoffen, Konservierungsmitteln, Emulgatoren und Verdickungsmitteln.<\/p>\n<p><strong>INHALTSSTOFFE:<\/strong><br \/>\nWasser, Mandel\u00f6l, Mangobutter, pflanzliches Glycerin, Hanf\u00f6l, Hanf-Vollextrakt, Vitamin E, \u00e4therisches Eisenkraut\u00f6l, \u00e4therisches Geranien\u00f6l.<\/p>\n<p><strong>INCI:<\/strong><br \/>\nAqua, Mangifera Indica Seed Butter, Glycerin, Cetearyl Alcohol, Glyceryl Stearate Citrate, Isoamyl Laurate, Glyceryl Stearate, Glyceryl Caprylate, Cannabis Sativa Seed Oil, Cannabis Sativa Leaf Extract, Sodium Levulinate, Sodium Anisate, Tocopherol, Helianthus Annuus Seed Oil, Xanthan Gum, Sodium Phytate, Citric Acid, Litsea Cubeba Fruit Oil, Pelargonium Graveolens Oil, Citral*, Citronellol*, Geraniol*, Limonene*, Linalool*. *Natural components of essential oils<\/p>\n<p><strong>ANWENDUNG:<\/strong><br \/>\nEntnehmen Sie die Creme durch einen leichten Druck auf den Spenderknopf.<br \/>\nTragen Sie sie mit sanften, kreisenden Bewegungen auf Ihr Gesicht auf.<br \/>\nWenn Ihre Haut zu trocken ist, k\u00f6nnen Sie die Gesichtscreme mit K\u00f6rpercreme kombinieren.<br \/>\nGeeignet f\u00fcr die t\u00e4gliche Pflege aller Hauttypen.<br \/>\nBei \u00dcberempfindlichkeit nicht verwenden.<\/p>\n<p><strong>LAGERUNG:<\/strong><br \/>\nBei Raumtemperatur aufbewahren.<\/p>\n<p><strong>LAGERHALTBARKEIT:<\/strong><br \/>\n24 Monate<\/p>\n","protected":false},"excerpt":{"rendered":"<p>Die t\u00e4glich zu verwendende, beruhigende und schnell einziehende Feuchtigkeitscreme mit sorgf\u00e4ltig ausgew\u00e4hlten pflanzlichen Inhaltsstoffen sch\u00fctzt Ihre Haut effektiv und macht sie geschmeidig, w\u00e4hrend sie ihre nat\u00fcrliche Frische wiederherstellt.<\/p>\n<p>F\u00fcr alle Hauttypen geeignet.<br \/>\n100 mg CBD \/ 50 ml<\/p>\n","protected":false},"featured_media":23918,"comment_status":"open","ping_status":"closed","template":"","meta":[],"product_brand":[],"product_cat":[335],"product_tag":[],"class_list":{"0":"post-23917","1":"product","2":"type-product","3":"status-publish","4":"has-post-thumbnail","6":"product_cat-hanfprodukte","8":"first","9":"outofstock","10":"sale","11":"taxable","12":"shipping-taxable","13":"purchasable","14":"product-type-simple"},"_links":{"self":[{"href":"https:\/\/hempika.com\/de\/wp-json\/wp\/v2\/product\/23917","targetHints":{"allow":["GET"]}}],"collection":[{"href":"https:\/\/hempika.com\/de\/wp-json\/wp\/v2\/product"}],"about":[{"href":"https:\/\/hempika.com\/de\/wp-json\/wp\/v2\/types\/product"}],"replies":[{"embeddable":true,"href":"https:\/\/hempika.com\/de\/wp-json\/wp\/v2\/comments?post=23917"}],"wp:featuredmedia":[{"embeddable":true,"href":"https:\/\/hempika.com\/de\/wp-json\/wp\/v2\/media\/23918"}],"wp:attachment":[{"href":"https:\/\/hempika.com\/de\/wp-json\/wp\/v2\/media?parent=23917"}],"wp:term":[{"taxonomy":"product_brand","embeddable":true,"href":"https:\/\/hempika.com\/de\/wp-json\/wp\/v2\/product_brand?post=23917"},{"taxonomy":"product_cat","embeddable":true,"href":"https:\/\/hempika.com\/de\/wp-json\/wp\/v2\/product_cat?post=23917"},{"taxonomy":"product_tag","embeddable":true,"href":"https:\/\/hempika.com\/de\/wp-json\/wp\/v2\/product_tag?post=23917"}],"curies":[{"name":"wp","href":"https:\/\/api.w.org\/{rel}","templated":true}]}}