{"id":23826,"date":"2020-11-18T10:25:16","date_gmt":"2020-11-18T09:25:16","guid":{"rendered":"https:\/\/hempika.com\/product\/hanfsamenol\/"},"modified":"2026-04-14T16:21:51","modified_gmt":"2026-04-14T14:21:51","slug":"hanfsamenol","status":"publish","type":"product","link":"https:\/\/hempika.com\/de\/produkt\/hanfsamenol\/","title":{"rendered":"Hanfsamen\u00f6l"},"content":{"rendered":"<div class=\"dolg\">\n<p><strong>Hanfsamen\u00f6l<\/strong> ist ein \u00d6l wie kein anderes! Reich an Antioxidantien, eine wertvolle Quelle essentieller Fetts\u00e4uren und ein nat\u00fcrliches Entz\u00fcndungshemmendes Mittel \u2013 wie k\u00f6nnte es nicht zum Lieblingsbestandteil von Vollwertkost-Liebhabern und nat\u00fcrlichen Sch\u00f6nheitssch\u00f6pfern werden?<\/p>\n<p>Das Hanfsamen\u00f6l von Hempika wird aus Hanfsamen durch ein Kaltpressverfahren hergestellt (die Temperatur w\u00e4hrend des gesamten Prozesses \u00fcberschreitet nicht 37 Grad Celsius) \u2013 eine Methode, die alle n\u00fctzlichen Eigenschaften des \u00d6ls bewahrt. Das sogenannte &#8222;virgin Hanf\u00f6l&#8220; hat eine leuchtend gr\u00fcne Farbe und einen reichhaltigen nussigen Geschmack. Es enth\u00e4lt nat\u00fcrlich vorkommende Vitamine, Mineralien und Antioxidantien und hat ein ideales Verh\u00e4ltnis von Omega-3- zu Omega-6-Fetts\u00e4uren.<\/p>\n<p>Es gibt viele Geschichten \u00fcber Hanfsamen\u00f6l (<strong>es KANN viele positive Auswirkungen auf die Langlebigkeit und das allgemeine Wohlbefinden haben<\/strong>) \u2013 und viele davon k\u00f6nnten wahr sein. Trotzdem sollte man nicht einfach so gesundheitliche Aussagen \u00fcber dieses gro\u00dfartige Geschenk der Natur treffen. Aber wir wissen, wie man von der regelm\u00e4\u00dfigen Verwendung von Hanfprodukten profitieren kann \u2013 also probieren Sie es aus und \u00fcberzeugen Sie sich selbst.<\/p>\n<p><strong>Die Verwendung von Hanfsamen\u00f6l ist ein doppelter Gewinn \u2013 es wirkt von innen nach au\u00dfen und von au\u00dfen nach innen!<\/strong> Hanfsamen\u00f6l kann als Nahrungserg\u00e4nzungsmittel oder als Zusatz zu verschiedenen Gerichten verwendet werden (Achtung: nicht hohen Temperaturen aussetzen, da es nicht hitzebest\u00e4ndig ist).<\/p>\n<p>Hanfsamen\u00f6l kann auch als Feuchtigkeitsmittel f\u00fcr die Haut verwendet werden, da es leicht absorbiert wird und hilft, trockene oder gereizte Haut zu hydratisieren und zu beruhigen. Au\u00dferdem ist es nicht komedogen, was bedeutet, dass es die Poren nicht verstopft oder Hautunreinheiten verursacht. Aufgrund seiner wohltuenden Eigenschaften wird es h\u00e4ufig als Inhaltsstoff in Haar- und Hautpflegeprodukten verwendet.<\/p>\n<h2>Verwenden Sie es zur Verfeinerung Ihrer Gerichte<\/h2>\n<p>Hier ist es \u2013 Ihr neuer Lieblings-Salatdressing! Hanfsamen\u00f6l hat einen nussigen, leckeren und erdigen Geschmack. Es ist ein sehr willkommenes \u00d6l, um Salate, Bowls und andere Gerichte zu verfeinern, die keiner weiteren Temperaturbehandlung bed\u00fcrfen. Aber bitte, verwenden Sie das Hanfsamen\u00f6l von Hempika niemals zum Backen oder Kochen \u2013 hohe Temperaturen zerst\u00f6ren alle guten Stoffe, die nat\u00fcrlich im \u00d6l vorhanden sind. Die empfohlene Tagesdosis betr\u00e4gt 1 Essl\u00f6ffel (15 ml). Versuchen Sie, sie nicht zu \u00fcberschreiten.<\/p>\n<h2>Verwenden Sie es f\u00fcr Haut- &#038; Haarpflege<\/h2>\n<p>Ihre Haut wird es lieben! Und nein, Hanfsamen\u00f6l wird Ihre Haut nicht ersticken \u2013 ganz im Gegenteil! Da es nicht komedogen ist, l\u00e4sst es Ihre Haut atmen. Sie k\u00f6nnen es als Feuchtigkeitscreme verwenden \u2013 geben Sie ein paar Tropfen Hanfsamen\u00f6l nach der Reinigung auf Ihr Gesicht und Ihren Hals, um Ihre Haut zu hydratisieren und zu pflegen; oder f\u00fcgen Sie einfach ein paar Tropfen Hanfsamen\u00f6l Ihrer normalen Feuchtigkeitscreme hinzu, um deren feuchtigkeitsspendende Eigenschaften zu verst\u00e4rken. Sie lieben es zu baden? Laden Sie das Hanfsamen\u00f6l in Ihr Home-Spa ein! Geben Sie ein paar Tropfen des \u00d6ls in Ihr Badewasser, um trockene oder gereizte Haut zu hydratisieren und zu beruhigen \u2013 und erleben Sie die Wunder!<\/p>\n<p>Und nicht zuletzt k\u00f6nnten auch Ihre Haare sich in Hanfsamen\u00f6l verlieben. Massieren Sie es in Ihre Kopfhaut und Haare ein, lassen Sie es 30 Minuten einwirken und waschen Sie es dann mit Shampoo aus. Vielleicht entdecken Sie, dass Sie gar nicht wussten, wie ultrafeucht Ihre Haare sein k\u00f6nnen!<\/p>\n<h2>Wie schmeckt es?<\/h2>\n<p>Hanfsamen\u00f6l hat einen milden, nussigen Geschmack, was es zu einer gro\u00dfartigen Erg\u00e4nzung f\u00fcr Salatdressings, Dips und sogar Smoothies macht.<\/p>\n<h2>Zutaten<\/h2>\n<p>100% kaltgepresstes Hanf\u00f6l (BIO). BIO-zertifiziert, 250ml.<br \/><strong>SI-EKO-002<\/strong> <i>(Landwirtschaft EU)<\/i><\/p>\n<h2>Lagerung<\/h2>\n<p>K\u00fchl und dunkel lagern, vorzugsweise im K\u00fchlschrank (&lt;8\u00b0C).<br \/>\nHaltbarkeit: 6 Monate<\/p>\n<h2>N\u00e4hrwertangaben<\/h2>\n<p>Durchschnittliche N\u00e4hrwertangaben \/ 100g:<br \/>\nEnergiewert 3700kJ \/ 885kCal<br \/>\nFett 100g<br \/>\n\u2013 davon ges\u00e4ttigte Fetts\u00e4uren 11,1g<br \/>\nKohlenhydrate 0g<br \/>\n\u2013 davon Zucker 0g<br \/>\nBallaststoffe 0g<br \/>\nEiwei\u00df 0g<br \/>\nSalz 0g<\/p>\n<\/div>\n","protected":false},"excerpt":{"rendered":"<div class=\"kratek\">\n<p>Ein \u00d6l wie kein anderes! Kaltgepresstes Hanfsamen\u00f6l ist reich an Omega-Fetts\u00e4uren, Vitaminen, Mineralien und Antioxidantien, was es zu einem Superfood und einem perfekten nat\u00fcrlichen Sch\u00f6nheitsprodukt macht. Probieren Sie es aus!<\/p>\n<p class=\"kolicina\">250ml<\/p>\n<\/div>\n","protected":false},"featured_media":44983,"comment_status":"open","ping_status":"closed","template":"","meta":[],"product_brand":[],"product_cat":[335],"product_tag":[],"class_list":{"0":"post-23826","1":"product","2":"type-product","3":"status-publish","4":"has-post-thumbnail","6":"product_cat-hanfprodukte","8":"first","9":"instock","10":"taxable","11":"shipping-taxable","12":"purchasable","13":"product-type-simple"},"_links":{"self":[{"href":"https:\/\/hempika.com\/de\/wp-json\/wp\/v2\/product\/23826","targetHints":{"allow":["GET"]}}],"collection":[{"href":"https:\/\/hempika.com\/de\/wp-json\/wp\/v2\/product"}],"about":[{"href":"https:\/\/hempika.com\/de\/wp-json\/wp\/v2\/types\/product"}],"replies":[{"embeddable":true,"href":"https:\/\/hempika.com\/de\/wp-json\/wp\/v2\/comments?post=23826"}],"wp:featuredmedia":[{"embeddable":true,"href":"https:\/\/hempika.com\/de\/wp-json\/wp\/v2\/media\/44983"}],"wp:attachment":[{"href":"https:\/\/hempika.com\/de\/wp-json\/wp\/v2\/media?parent=23826"}],"wp:term":[{"taxonomy":"product_brand","embeddable":true,"href":"https:\/\/hempika.com\/de\/wp-json\/wp\/v2\/product_brand?post=23826"},{"taxonomy":"product_cat","embeddable":true,"href":"https:\/\/hempika.com\/de\/wp-json\/wp\/v2\/product_cat?post=23826"},{"taxonomy":"product_tag","embeddable":true,"href":"https:\/\/hempika.com\/de\/wp-json\/wp\/v2\/product_tag?post=23826"}],"curies":[{"name":"wp","href":"https:\/\/api.w.org\/{rel}","templated":true}]}}