{"id":23824,"date":"2020-11-18T10:28:39","date_gmt":"2020-11-18T09:28:39","guid":{"rendered":"https:\/\/hempika.com\/product\/hanftee\/"},"modified":"2026-04-13T04:11:28","modified_gmt":"2026-04-13T02:11:28","slug":"hanftee","status":"publish","type":"product","link":"https:\/\/hempika.com\/de\/produkt\/hanftee\/","title":{"rendered":"Hanftee"},"content":{"rendered":"<div class=\"dolg\">\n<p>Welch ein Vergn\u00fcgen, einen aromatischen Tee mit beruhigender Wirkung zu genie\u00dfen und zu wissen, dass man sich mit einer gesunden Gewohnheit verw\u00f6hnt. Der <strong>Hanftee<\/strong> von Hempika wird von Hand gepfl\u00fcckt und nat\u00fcrlich getrocknet, um sein nat\u00fcrliches Aroma und seinen Geschmack zu bewahren. Er enth\u00e4lt sorgf\u00e4ltig ausgew\u00e4hlte Hanfbl\u00fcten und -bl\u00e4tter von h\u00f6chster Qualit\u00e4t.<\/p>\n<p><strong>Sie fragen sich, was Hanftee \u00fcberhaupt ist?<\/strong> Hanftee wird aus den trockenen Bl\u00e4ttern und Bl\u00fcten der Hanfpflanze hergestellt. Der Tee hat eine dunkelgr\u00fcne Farbe und ein sanftes Kr\u00e4uteraroma. Er enth\u00e4lt von Natur aus Vitamine, Mineralien, Chlorophyll, Cannabinoide, Terpene und Flavonoide. Er ist bekannt f\u00fcr seine potenziell beruhigenden Wirkungen auf K\u00f6rper und Geist. Aber keine Sorge \u2013 Hanf enth\u00e4lt nur &lt; 0,2 % oder weniger THC. Diese Mengen sind viel zu gering, um psychoaktiv zu wirken, und der Tee kann sicher ohne unerw\u00fcnschte Nebenwirkungen genossen werden.<\/p>\n<p>Gro\u00dfm\u00fctter kannten fr\u00fcher die Geheimnisse der Kr\u00e4uter und hatten f\u00fcr jeden Anlass das richtige Gew\u00fcrz parat. Stellen Sie sich einen k\u00fchlen Herbstabend bei Ihrer Oma vor, wo Sie die gem\u00fctlichste Behandlung bekommen. An diesen langen Abenden, in denen Sie ein bisschen Ruhe und Gem\u00fctlichkeit gebrauchen k\u00f6nnten, ist eine Tasse warmer Hanftee vielleicht eines der Geheimnisse Ihrer Gro\u00dfmutter. <strong>Da Hanftee von Natur aus koffeinfrei ist, eignet er sich ideal, bevor Sie in Ihren Schlafanzug schl\u00fcpfen.<\/strong><\/p>\n<p>Lassen Sie den Stress des Tages Geschichte werden und helfen Sie Ihrem Geist und Ihrer Seele, sich mit einer Tasse voller Cannabinoide wie CBD zu entspannen. Wir wetten, dass Ihre Tr\u00e4ume s\u00fc\u00dfer und Ihre Abende gem\u00fctlicher sein werden.<\/p>\n<h2>Wie &#038; wann zubereiten?<\/h2>\n<p>Wir empfehlen Ihnen, sich Hanftee in den Momenten des Tages zu g\u00f6nnen, in denen Sie Entspannung brauchen und sich nach Zentrierung sehnen. Nachmittage und Abende k\u00f6nnten der richtige Zeitpunkt f\u00fcr Ihr neues Hanf-Ritual sein.<\/p>\n<h3>Grundrezept:<\/h3>\n<p>F\u00fcgen Sie f\u00fcnf Teel\u00f6ffel Hanftee zu 1 Liter hei\u00dfem Wasser (80\u201390\u00b0C) hinzu, warten Sie 5\u20137 Minuten und seihen Sie dann ab. Um das volle Potenzial der Cannabinoide zu erleben, geben Sie einen Schuss pflanzliches Fett, Milch oder Butter ins hei\u00dfe Wasser, bevor Sie den Hanftee hinzuf\u00fcgen. Hanftee kann pur, mit anderen Kr\u00e4utern oder als Ersatz f\u00fcr Tees mit Teein genossen werden.<\/p>\n<h3>Vitamin-Kick der Ruhe:<\/h3>\n<p>Bereit, eine beruhigende, entz\u00fcndungshemmende und vitaminreiche Infusion zuzubereiten? Hier ist sie! Kochen Sie 1 Liter Wasser (80\u201390\u00b0C) und geben Sie zun\u00e4chst einen Schuss kaltgepresstes Kokos\u00f6l hinzu. Mischen Sie dann die restlichen Zutaten in den Aufguss: f\u00fcnf Teel\u00f6ffel Hanftee, einen Teel\u00f6ffel frisch geriebenen Ingwer, ein Viertel Teel\u00f6ffel trockenen Zimt und decken Sie den Topf ab. Nach 7 Minuten ist Ihr Tee bereit zum Abseihen. F\u00fcgen Sie einen Teel\u00f6ffel Honig und frisch gepressten Zitronensaft hinzu. Lecker!<\/p>\n<h3>Eistee:<\/h3>\n<p>Hanftee kann auch kalt genossen werden! Sein Geschmack ist leicht bitter, wenn er abk\u00fchlt, daher k\u00f6nnen Sie Honig oder Agave hinzuf\u00fcgen. Sie k\u00f6nnen aber auch kreativ sein und eine kalte Aufgussversion zubereiten! Sie ben\u00f6tigen: eine French Press; Hempika Hanftee; Zitronengras; Limette; und ein S\u00fc\u00dfungsmittel Ihrer Wahl. Geben Sie f\u00fcnf Teel\u00f6ffel Hanftee und zwei Teel\u00f6ffel getrocknetes Zitronengras in die French Press (Volumen: 1 Liter). Stellen Sie sie f\u00fcr 8 &#8211; 12 Stunden in den K\u00fchlschrank. Wenn der Aufguss fertig ist, seihen Sie den Tee ab und servieren Sie ihn mit frisch gepresster Limette und einem Essl\u00f6ffel Honig. Was f\u00fcr ein erfrischendes Sommergetr\u00e4nk!<\/p>\n<h2>Wie schmeckt es?<\/h2>\n<p>Hanftee hat eine gr\u00fcnlich-braune Farbe und einen leicht bitteren Geschmack. Manche Leute beschreiben seinen Geschmack als \u201eerdig\u201c oder \u201egr\u00fcn\u201c. Der beste Weg, den Geschmack herauszufinden, ist es, ihn zu probieren!<\/p>\n<h2>Zutaten<\/h2>\n<p>100% getrocknete Hanfbl\u00e4tter und -bl\u00fcten (BIO). BIO-zertifiziert, 50g.<br \/><strong>SI-EKO-002<\/strong> <i>(Landwirtschaft EU)<\/i><\/p>\n<h2>Lagerung<\/h2>\n<p>An einem k\u00fchlen und trockenen Ort aufbewahren.<br \/>\nHaltbarkeit: 12 Monate<\/p>\n<\/div>\n","protected":false},"excerpt":{"rendered":"<div class=\"kratek\">\n<p>Bringen Sie Ruhe f\u00fcr Geist und K\u00f6rper mit koffeinfreiem Hanftee. Hei\u00df oder kalt \u2013 bereiten Sie ihn zu, wie Sie es m\u00f6gen! Eine Tasse aromatischen, handgepfl\u00fcckten Tees ist das perfekte Rezept, um nach einem langen Tag zu entspannen.<\/p>\n<p class=\"kolicina\">50g<\/p>\n<\/div>\n","protected":false},"featured_media":44987,"comment_status":"open","ping_status":"closed","template":"","meta":[],"product_brand":[],"product_cat":[335],"product_tag":[],"class_list":{"0":"post-23824","1":"product","2":"type-product","3":"status-publish","4":"has-post-thumbnail","6":"product_cat-hanfprodukte","8":"first","9":"instock","10":"taxable","11":"shipping-taxable","12":"purchasable","13":"product-type-simple"},"_links":{"self":[{"href":"https:\/\/hempika.com\/de\/wp-json\/wp\/v2\/product\/23824","targetHints":{"allow":["GET"]}}],"collection":[{"href":"https:\/\/hempika.com\/de\/wp-json\/wp\/v2\/product"}],"about":[{"href":"https:\/\/hempika.com\/de\/wp-json\/wp\/v2\/types\/product"}],"replies":[{"embeddable":true,"href":"https:\/\/hempika.com\/de\/wp-json\/wp\/v2\/comments?post=23824"}],"wp:featuredmedia":[{"embeddable":true,"href":"https:\/\/hempika.com\/de\/wp-json\/wp\/v2\/media\/44987"}],"wp:attachment":[{"href":"https:\/\/hempika.com\/de\/wp-json\/wp\/v2\/media?parent=23824"}],"wp:term":[{"taxonomy":"product_brand","embeddable":true,"href":"https:\/\/hempika.com\/de\/wp-json\/wp\/v2\/product_brand?post=23824"},{"taxonomy":"product_cat","embeddable":true,"href":"https:\/\/hempika.com\/de\/wp-json\/wp\/v2\/product_cat?post=23824"},{"taxonomy":"product_tag","embeddable":true,"href":"https:\/\/hempika.com\/de\/wp-json\/wp\/v2\/product_tag?post=23824"}],"curies":[{"name":"wp","href":"https:\/\/api.w.org\/{rel}","templated":true}]}}