{"id":26892,"date":"2021-09-17T15:31:33","date_gmt":"2021-09-17T13:31:33","guid":{"rendered":"https:\/\/hempika.com\/grosshandel\/"},"modified":"2024-11-13T11:03:31","modified_gmt":"2024-11-13T10:03:31","slug":"grosshandel","status":"publish","type":"page","link":"https:\/\/hempika.com\/de\/grosshandel\/","title":{"rendered":"Gro\u00dfhandel"},"content":{"rendered":"<div class=\"h-services\">\n<div class=\"services-left\">\n<h1>Wir helfen Ihnen, Ihr Hanfgesch\u00e4ft zu starten und auszubauen.<\/h1>\n<p>Co-hempers und unternehmerische Kollegen, hier sind einige Ideen zum Aufbau, Betrieb und zur Skalierung Ihrer Hanfvorhaben. Z\u00f6gern Sie nicht, sich an uns zu wenden, wenn Sie sich auf einem der folgenden Schritte befinden.<\/p>\n<p>\t<a class=\"h-button\" href=\"mailto:b2b@hempika.com\">Kontaktieren Sie uns f\u00fcr Anfragen<\/a><\/p>\n<\/div>\n<div class=\"services-right\">\n<p><button class=\"more_button\" onclick=\"moreFunction(1)\">Gro\u00dfhandel<\/button><\/p>\n<div id=\"more_div_1\">\n<p>Interessiert daran, Ihren Webshop oder das klassische Ladengesch\u00e4ft mit unseren Hanfprodukten zu bereichern? Wenn Sie ein Ladenbesitzer sind (oder es bald werden) und nach einer M\u00f6glichkeit suchen, den Umsatz zu steigern und hochwertige, lebendige Hanfprodukte in Ihr Angebot aufzunehmen, sind wir die richtige Wahl! Sie k\u00f6nnen aus allen bestehenden Produkten in unserem Webshop w\u00e4hlen oder nur ein oder zwei Artikel ausw\u00e4hlen. Wenn Sie sich entscheiden, Einzelh\u00e4ndler zu werden, sind wir hier, um Ihnen mit Schulungen, Materialien und Ihren Fragen zu helfen. Au\u00dferdem gibt es keine Mindestbestellmenge! Starten Sie klein und werden Sie gr\u00f6\u00dfer, wenn Sie wachsen. Wir sind f\u00fcr Sie da.<\/p>\n<\/div>\n<p><button class=\"more_button\" onclick=\"moreFunction(2)\">Dropshipping<\/button><\/p>\n<div id=\"more_div_2\">\n<p>Suchen Sie nach einer einfachen und sicheren M\u00f6glichkeit, Hanfprodukte zu verkaufen? Probieren Sie Dropshipping! Keine Investition in Lagerbest\u00e4nde. Keine Mindestbestellmenge erforderlich. Kein Stress. Einfaches CBD-Gesch\u00e4ft vom Komfort Ihres Sofas. Der Bestellprozess ist so einfach und stressfrei, wie er nur sein kann! Sie geben die Bestellung auf unserer Website mit Ihrem Gutschein auf &#8211; und wir liefern die Bestellungen direkt an Ihre Kunden! Wir verwenden diskrete Verpackungen ohne zus\u00e4tzliche B\u00fcrokratie. Sie sind auch willkommen, uns Ihre Werbematerialien zu senden, die wir dem Paket beilegen. Wussten Sie, dass der europ\u00e4ische CBD-Markt in den n\u00e4chsten vier Jahren voraussichtlich um 400 % wachsen wird? Das ist ein guter Grund, Ihre CBD-Gesch\u00e4ftsreise zu beginnen.<\/p>\n<\/div>\n<p><button class=\"more_button\" onclick=\"moreFunction(3)\">White \/ Private Label<\/button><\/p>\n<div id=\"more_div_3\">\n<p>Hatten Sie immer schon Lust, Marken zu schaffen, Produkte zu entwerfen oder etwas Neues zu beginnen, etwas, das Sie als Ihr eigenes bezeichnen k\u00f6nnen? Wenn Sie ein angehender Unternehmer sind und nach einer M\u00f6glichkeit suchen, Hanf in Ihr Gesch\u00e4ft zu integrieren, k\u00f6nnte ein White Label oder ein Private Label die richtige L\u00f6sung f\u00fcr Ihre W\u00fcnsche sein. Wir liefern die Produkte, Sie k\u00fcmmern sich um Ihre neue Marke! Wie funktioniert das? Sie k\u00f6nnen zwischen White Label oder Private Label w\u00e4hlen, w\u00e4hrend wir Ihnen mit der Produktregistrierung und allen erforderlichen Dokumenten helfen, um Ihre Hanfmarke zu starten. Wir verlangen eine kleine Mindestbestellung (kein Bedarf, mit gro\u00dfen Best\u00e4nden zu beginnen) und sind offen f\u00fcr die Entwicklung von ma\u00dfgeschneiderten Produkten.<\/p>\n<\/div>\n<p><button class=\"more_button\" onclick=\"moreFunction(4)\">Rohstoffe<\/button><\/p>\n<div id=\"more_div_4\">\n<p>Bereit, ein neues Produkt zu entwickeln, eine frische Mischung zu kreieren oder mit noch nie gesehenen Rezepten zu experimentieren und ben\u00f6tigen eine einzelne Rohzutat in gr\u00f6\u00dferen Mengen? Wir sind f\u00fcr Sie da! Wenn Sie Rohstoffe oder Hanf-Zutaten in gro\u00dfen Mengen h\u00f6chster Qualit\u00e4t ben\u00f6tigen, sind Sie bei uns genau richtig. Sie k\u00f6nnen Hanfextrakte, L\u00f6sungen, Suspensionen, Isolate, Samen, Mehl, Proteinpulver und alle anderen Formen von Hanf w\u00e4hlen. Z\u00f6gern Sie nicht, uns eine Anfrage zu senden.<\/p>\n<\/div>\n<p><button class=\"more_button\" onclick=\"moreFunction(5)\">Cannabinoid-Analyse<\/button><\/p>\n<div id=\"more_div_5\">\n<p>M\u00f6chten Sie Ihre Produkte testen, bevor Sie mit dem Verkauf beginnen? Wir bieten Ihnen eine Cannabinoid-Analyse in Zusammenarbeit mit <strong>PharmaLab<\/strong> an. Die Analyse der 16 Cannabinoide wird mittels Hochleistungs-Fl\u00fcssigkeitschromatographie (HPLC) durchgef\u00fchrt und eignet sich f\u00fcr die Analyse aller Arten von Hanf- und Cannabisprodukten. Egal, ob Sie Hersteller, Z\u00fcchter oder Nutzer sind und Ihre Produkte testen m\u00f6chten, um sicherzustellen, was Sie verwenden \/ verkaufen werden, lesen Sie mehr \u00fcber den Prozess der Cannabinoid-Analyse <a class=\"h-link\" href=\"https:\/\/hempika.com\/de\/cannabinoidanalysen\/\">hier<\/a>.<\/p>\n<\/div>\n<\/div>\n<\/div>\n<p><script type=\"text\/javascript\" src=\"https:\/\/hempika.com\/wp-content\/themes\/hemp-master\/custom\/scripts\/services.js\"><\/script><\/p>\n","protected":false},"excerpt":{"rendered":"<p>Wir helfen Ihnen, Ihr Hanfgesch\u00e4ft zu starten und auszubauen. Co-hempers und unternehmerische Kollegen, hier sind einige Ideen zum Aufbau, Betrieb und zur Skalierung Ihrer Hanfvorhaben. Z\u00f6gern Sie nicht, sich an uns zu wenden, wenn Sie sich auf einem der folgenden Schritte befinden. Kontaktieren Sie uns f\u00fcr Anfragen Gro\u00dfhandel Interessiert daran, Ihren Webshop oder das klassische [&hellip;]<\/p>\n","protected":false},"author":1,"featured_media":0,"parent":0,"menu_order":0,"comment_status":"closed","ping_status":"closed","template":"custom-page-template.php","meta":{"footnotes":""},"class_list":["post-26892","page","type-page","status-publish","hentry"],"_links":{"self":[{"href":"https:\/\/hempika.com\/de\/wp-json\/wp\/v2\/pages\/26892","targetHints":{"allow":["GET"]}}],"collection":[{"href":"https:\/\/hempika.com\/de\/wp-json\/wp\/v2\/pages"}],"about":[{"href":"https:\/\/hempika.com\/de\/wp-json\/wp\/v2\/types\/page"}],"author":[{"embeddable":true,"href":"https:\/\/hempika.com\/de\/wp-json\/wp\/v2\/users\/1"}],"replies":[{"embeddable":true,"href":"https:\/\/hempika.com\/de\/wp-json\/wp\/v2\/comments?post=26892"}],"version-history":[{"count":0,"href":"https:\/\/hempika.com\/de\/wp-json\/wp\/v2\/pages\/26892\/revisions"}],"wp:attachment":[{"href":"https:\/\/hempika.com\/de\/wp-json\/wp\/v2\/media?parent=26892"}],"curies":[{"name":"wp","href":"https:\/\/api.w.org\/{rel}","templated":true}]}}