{"id":26423,"date":"2021-09-15T10:25:04","date_gmt":"2021-09-15T08:25:04","guid":{"rendered":"https:\/\/hempika.com\/cannabinoidanalysen\/"},"modified":"2024-11-26T09:59:34","modified_gmt":"2024-11-26T08:59:34","slug":"cannabinoidanalysen","status":"publish","type":"page","link":"https:\/\/hempika.com\/de\/cannabinoidanalysen\/","title":{"rendered":"Labor"},"content":{"rendered":"<div class=\"h-analysis\">\n<h1>Analyse von Cannabinoiden<\/h1>\n<p>Wir bieten eine <strong>Cannabinoid-Analyse<\/strong> f\u00fcr Hersteller, Anbauer und Benutzer von Hanf- und Cannabisprodukten. Mit modernen Analysemethoden bestimmen wir quantitativ die Anwesenheit und den Gehalt an Phytocannabinoiden.<\/p>\n<ul>\n<li class=\"h-analysis-benefit-1\">Hochleistungs-Fl\u00fcssigkeitschromatographie (HPLC)<\/li>\n<li class=\"h-analysis-benefit-2\">Quantitative Analyse von 16 Cannabinoiden<\/li>\n<li class=\"h-analysis-benefit-3\">ISO\/IEC 17025 Akkreditiertes Labor<\/li>\n<\/ul>\n<form id=\"analysis-form\" action=\"https:\/\/hempika.com\/wp-content\/themes\/hemp-master\/custom\/emails\/analysis.php\" method=\"post\"><label for=\"analysis_email\">Ihre E-Mail<\/label><input type=\"email\" id=\"analysis_email\" name=\"analysis_email\" placeholder=\"Geben Sie Ihre E-Mail ein\" required \/><label for=\"analysis_number\">Anzahl der Proben<\/label><input type=\"number\" id=\"analysis_number\" name=\"analysis_number\" min=\"1\" max=\"100\" placeholder=\"Geben Sie die Anzahl der Proben ein\" \/><input type=\"text\" id=\"honeypot\" name=\"honeypot\" style=\"display:none;\" \/><input type=\"submit\" name=\"subscribe_submit\" value=\"Analyse jetzt bestellen\" \/><\/form>\n<p><small id=\"analysis-message\"><\/small><script src=\"https:\/\/hempika.com\/wp-content\/themes\/hemp-master\/custom\/scripts\/analysis.js\" type=\"text\/javascript\"><\/script><\/p>\n<div class=\"h-analysis-iso\"><img loading=\"lazy\" decoding=\"async\" src=\"https:\/\/hempika.com\/wp-content\/themes\/hemp-master\/custom\/img\/analysis.png\" alt=\"Cannabinoid-Analyse mit HPLC\" width=\"100\" height=\"100\"><\/div>\n<p>Unsere <strong>hochempfindlichen Instrumente<\/strong> erm\u00f6glichen es uns, extrem niedrige Konzentrationen sowohl saurer als auch neutraler Cannabinoide ohne Hitze zu erkennen, in allen Arten von Hanfprodukten wie Bl\u00fcten, Extrakten, \u00d6len, Tinkturen, Isolaten, Getr\u00e4nken, Lebensmitteln und Kosmetika.<\/p>\n<div class=\"h-analysis-imgs\"><img loading=\"lazy\" decoding=\"async\" src=\"https:\/\/hempika.com\/wp-content\/uploads\/2021\/06\/preparation_of_a_solution_for_cannabinoid_analysis.jpg\" alt=\"Vorbereitung einer L\u00f6sung f\u00fcr die Cannabinoid-Analyse\" width=\"100\" height=\"100\"><img loading=\"lazy\" decoding=\"async\" src=\"https:\/\/hempika.com\/wp-content\/uploads\/2021\/06\/weighing_a_sample_for_cannabinoid_analysis.jpg\" alt=\"Wiegen einer Probe f\u00fcr die Cannabinoid-Analyse\" width=\"100\" height=\"100\"><\/div>\n<p>Wir zeichnen uns durch Genauigkeit, Pr\u00e4zision und Leistung gem\u00e4\u00df den Grunds\u00e4tzen und Richtlinien der guten Laborpraxis aus. Unsere Methode beinhaltet <strong>Hochleistungsfl\u00fcssigkeitschromatographie (HPLC)<\/strong>, mit der der Gehalt der folgenden 16 Cannabinoide quantitativ bestimmt werden kann:<\/p>\n<table>\n<tr>\n<td><strong>\u03949-THC<\/strong><\/td>\n<td>Delta-9-Tetrahydrocannabinol<\/td>\n<\/tr>\n<tr>\n<td><strong>THCA<\/strong><\/td>\n<td>Tetrahydrocannabinols\u00e4ure<\/td>\n<\/tr>\n<tr>\n<td><strong>THCV<\/strong><\/td>\n<td>Tetrahydrocannabivarin<\/td>\n<\/tr>\n<tr>\n<td><strong>CBD<\/strong><\/td>\n<td>Cannabidiol<\/td>\n<\/tr>\n<tr>\n<td><strong>CBDA<\/strong><\/td>\n<td>Cannabidiols\u00e4ure<\/td>\n<\/tr>\n<tr>\n<td><strong>CBDV<\/strong><\/td>\n<td>Cannabidivarin<\/td>\n<\/tr>\n<tr>\n<td><strong>CBG<\/strong><\/td>\n<td>Cannabigerol<\/td>\n<\/tr>\n<tr>\n<td><strong>CBGA<\/strong><\/td>\n<td>Cannabigerols\u00e4ure<\/td>\n<\/tr>\n<tr>\n<td><strong>CBC<\/strong><\/td>\n<td>Cannabichromen<\/td>\n<\/tr>\n<tr>\n<td><strong>CBCA<\/strong><\/td>\n<td>Cannabichromen-S\u00e4ure<\/td>\n<\/tr>\n<tr>\n<td><strong>\u03948-THC<\/strong><\/td>\n<td>Delta-8-Tetrahydrocannabinol<\/td>\n<\/tr>\n<tr>\n<td><strong>CBL<\/strong><\/td>\n<td>Cannabicyclol<\/td>\n<\/tr>\n<tr>\n<td><strong>CBV<\/strong><\/td>\n<td>Cannabivarin<\/td>\n<\/tr>\n<tr>\n<td><strong>CBE<\/strong><\/td>\n<td>Cannabielsolin<\/td>\n<\/tr>\n<tr>\n<td><strong>CBT<\/strong><\/td>\n<td>Cannabicitran<\/td>\n<\/tr>\n<tr>\n<td><strong>CBN<\/strong><\/td>\n<td>Cannabinol<\/td>\n<\/tr>\n<\/table>\n<\/div>\n","protected":false},"excerpt":{"rendered":"<p>Analyse von Cannabinoiden Wir bieten eine Cannabinoid-Analyse f\u00fcr Hersteller, Anbauer und Benutzer von Hanf- und Cannabisprodukten. Mit modernen Analysemethoden bestimmen wir quantitativ die Anwesenheit und den Gehalt an Phytocannabinoiden. Hochleistungs-Fl\u00fcssigkeitschromatographie (HPLC) Quantitative Analyse von 16 Cannabinoiden ISO\/IEC 17025 Akkreditiertes Labor Ihre E-MailAnzahl der Proben Unsere hochempfindlichen Instrumente erm\u00f6glichen es uns, extrem niedrige Konzentrationen sowohl saurer [&hellip;]<\/p>\n","protected":false},"author":1,"featured_media":26426,"parent":0,"menu_order":0,"comment_status":"closed","ping_status":"closed","template":"custom-page-template.php","meta":{"footnotes":""},"class_list":["post-26423","page","type-page","status-publish","has-post-thumbnail","hentry"],"_links":{"self":[{"href":"https:\/\/hempika.com\/de\/wp-json\/wp\/v2\/pages\/26423","targetHints":{"allow":["GET"]}}],"collection":[{"href":"https:\/\/hempika.com\/de\/wp-json\/wp\/v2\/pages"}],"about":[{"href":"https:\/\/hempika.com\/de\/wp-json\/wp\/v2\/types\/page"}],"author":[{"embeddable":true,"href":"https:\/\/hempika.com\/de\/wp-json\/wp\/v2\/users\/1"}],"replies":[{"embeddable":true,"href":"https:\/\/hempika.com\/de\/wp-json\/wp\/v2\/comments?post=26423"}],"version-history":[{"count":0,"href":"https:\/\/hempika.com\/de\/wp-json\/wp\/v2\/pages\/26423\/revisions"}],"wp:featuredmedia":[{"embeddable":true,"href":"https:\/\/hempika.com\/de\/wp-json\/wp\/v2\/media\/26426"}],"wp:attachment":[{"href":"https:\/\/hempika.com\/de\/wp-json\/wp\/v2\/media?parent=26423"}],"curies":[{"name":"wp","href":"https:\/\/api.w.org\/{rel}","templated":true}]}}