{"id":25553,"date":"2021-09-09T14:05:36","date_gmt":"2021-09-09T12:05:36","guid":{"rendered":"https:\/\/hempika.com\/uber-uns\/"},"modified":"2024-11-25T10:59:13","modified_gmt":"2024-11-25T09:59:13","slug":"uber-uns","status":"publish","type":"page","link":"https:\/\/hempika.com\/de\/uber-uns\/","title":{"rendered":"\u00dcber uns"},"content":{"rendered":"<div class=\"h-about\">\n<div class=\"h-about-left\">\n<div class=\"h-about-banner\">\n<h1>Tropfen f\u00fcr Tropfen haben wir Hempika aufgebaut.<\/h1>\n<\/div>\n<\/div>\n<div class=\"h-about-right\">\n<div class=\"h-about-intro\">\n<p class=\"h-about-intro-description\"><strong>Wir lieben die gr\u00fcne Farbe, stehen f\u00fcr h\u00f6chste Produktstandards und schaffen mit einer minimalistischen Denkweise.<\/strong><\/p>\n<div class=\"h-about-intro-benefits\">\n<div class=\"h-about-intro-benefit\">\n<div class=\"h-about-intro-benefit-img\"><img loading=\"lazy\" decoding=\"async\" src=\"https:\/\/hempika.com\/wp-content\/themes\/hemp-master\/custom\/img\/no-compromises-square.svg\" alt=\"Keine Kompromisse\" width=\"100\" height=\"100\"><\/div>\n<div class=\"h-about-intro-benefit-text\">\n<p><strong>Keine Kompromisse<\/strong>, wenn es um Qualit\u00e4t geht. Wir erg\u00e4nzen und verbessern traditionelle Praktiken mit den neuesten Erkenntnissen und einem fortschrittlichen Ansatz.<\/p>\n<\/div><\/div>\n<div class=\"h-about-intro-benefit\">\n<div class=\"h-about-intro-benefit-img\"><img loading=\"lazy\" decoding=\"async\" src=\"https:\/\/hempika.com\/wp-content\/themes\/hemp-master\/custom\/img\/no-greed-square.svg\" alt=\"Keine Gier\" width=\"100\" height=\"100\"><\/div>\n<div class=\"h-about-intro-benefit-text\">\n<p><strong>Keine Gier<\/strong> bei der Produktgestaltung. Wir bieten Ihnen nur eine minimalistische, essentielle Auswahl an Produkten, die sich als w\u00fcrdig f\u00fcr unsere Zeit und Ihr Geld erwiesen haben.<\/p>\n<\/div><\/div>\n<div class=\"h-about-intro-benefit\">\n<div class=\"h-about-intro-benefit-img\"><img loading=\"lazy\" decoding=\"async\" src=\"https:\/\/hempika.com\/wp-content\/themes\/hemp-master\/custom\/img\/no-nasties-square.svg\" alt=\"Keine sch\u00e4dlichen Stoffe\" width=\"100\" height=\"100\"><\/div>\n<div class=\"h-about-intro-benefit-text\">\n<p><strong>Keine sch\u00e4dlichen Stoffe.<\/strong> Jedes einzelne Produkt auf unserer Website wird aus den reinsten und sorgf\u00e4ltig ausgew\u00e4hlten Zutaten hergestellt; und wir verwenden niemals Zusatzstoffe, die unsere Produkte schmackhafter oder h\u00fcbscher machen w\u00fcrden.<\/p>\n<\/div><\/div>\n<\/p><\/div>\n<\/p><\/div>\n<div class=\"h-about-wizard\">\n<div class=\"h-about-title\">\n<h2>Der Zauberer hinter Hempika<\/h2>\n<div class=\"h-about-title-line\"><\/div>\n<\/div>\n<p>Luka ist einer dieser Rebellen, die immer au\u00dferhalb der Box denken, um L\u00f6sungen zu finden, die ihr Leben verbessern. Als er mit Angstzust\u00e4nden aufwuchs, war er begeistert, als er CBD entdeckte. Es war eines der wenigen Dinge, die ihn beruhigten, ohne die &#8222;High&#8220;-Nachwirkung anderer Substanzen. Als er \u00fcberzeugt war, dass dies DIE Sache war, die ihm half, sich zu entspannen und seinen Geist zu erden, wusste er, dass CBD auch anderen Menschen Stressabbau bringen k\u00f6nnte.<\/p>\n<div class=\"h-about-wizard-caption\">\n<div class=\"h-about-wizard-caption-img\">\n\t\t\t\t\t<img loading=\"lazy\" decoding=\"async\" src=\"https:\/\/hempika.com\/wp-content\/themes\/hemp-master\/custom\/img\/face.jpg\" alt=\"Luka Hempika\" width=\"100\" height=\"100\">\n\t\t\t\t<\/div>\n<div class=\"h-about-wizard-caption-text\">\n<p><strong>&#8222;Es ist mir egal, was popul\u00e4r ist und was nicht. Denn vor Jahren habe ich eine sehr bewusste Entscheidung getroffen, meine Bewunderung f\u00fcr Hanf in \u00fcberlegene, sichere und reine Produkte auf dem Markt umzuwandeln.&#8220;<\/strong><\/p>\n<\/p><\/div>\n<\/p><\/div>\n<p>Er begann Hempika aufzubauen, als CBD noch nicht so weit verbreitet war. Als Vermittler und Vision\u00e4r mit einem Ingenieurdenken begann er, Puzzleteile zusammenzuf\u00fcgen. Wenn es um die Qualit\u00e4t und Sicherheit der Produkte geht, ist er unerbittlich. Er besteht darauf, jede einzelne Charge zu testen und behandelt seine Kunden nur mit dem Besten, was Hanf zu bieten hat.<\/p>\n<p>Seine Liebe zu Sport und Natur \u00fcbertr\u00e4gt sich auf die Gesch\u00e4ftswelt, wo er das Beste, was die Natur zu bieten hat, mit den neuesten wissenschaftlichen und technologischen Entdeckungen kombiniert.<\/p>\n<\/p><\/div>\n<div class=\"h-about-chica\">\n<div class=\"h-about-title\">\n<h2>Entspannen Sie sich, Sie sind gestresst.<\/h2>\n<div class=\"h-about-title-line\"><\/div>\n<\/div>\n<p>Wenn Sie wetten m\u00fcssten, was die Nummer eins Dysfunktion unserer Zeit ist, w\u00fcrden Sie richtig raten \u2013 es ist dieser verdammte <strong>STRESS!<\/strong> Stress, egal ob er von au\u00dfen oder von innen kommt, k\u00f6nnte auch als \u201edie Wurzel allen \u00dcbels\u201c bezeichnet werden, wenn es um die lange Liste unserer allt\u00e4glichen Probleme geht. Denken Sie nicht, dass wir alle ein wenig von etwas gebrauchen k\u00f6nnten, das unsere Angst beruhigt, seine entz\u00fcndungshemmenden Tricks ausf\u00fchrt und unseren m\u00fcden K\u00f6rpern Freude statt Schmerz bringt? Gute Nachrichten \u2013 Hanf k\u00f6nnte die Antwort sein!<\/p>\n<p>\t\t\t<a class=\"h-button\" href=\"https:\/\/hempika.com\/de\/shop\/\">Finden Sie Ihren perfekten Partner<\/a>\n\t\t<\/div>\n<div class=\"h-about-fashion\">\n<div class=\"h-about-title\">\n<h2>Der gute alte Hanf ist wieder in Mode<\/h2>\n<div class=\"h-about-title-line\"><\/div>\n<\/div>\n<p>Was haben Hanf, Pilze und Kr\u00e4uter gemeinsam? Sie sind seit \u2026 immer die besten Freunde der Menschen? <strong>Ja, das stimmt!<\/strong><\/p>\n<p>Lassen Sie uns einen Moment zu den Grundlagen zur\u00fcckkehren. Mit allem Respekt vor moderner Wissenschaft, Supplement-Trends und medizinischem Wissen \u2013 Hanf ist eine der erstaunlichsten Pflanzen, die jemals auf diesem Planeten Erde existiert haben. Seine superhelden\u00e4hnlichen Kr\u00e4fte f\u00fcr unsere allgemeine Gesundheit werden endlich von der Wissenschaft akzeptiert und bewiesen. Zum Gl\u00fcck ist der gute alte Hanf, der \u00fcbrigens nicht high macht, v\u00f6llig legal und weltweit weit verbreitet.<\/p>\n<p>\t\t\t<img loading=\"lazy\" decoding=\"async\" src=\"https:\/\/hempika.com\/wp-content\/themes\/hemp-master\/custom\/img\/hemp-plant.jpg\" alt=\"Hanf Hempika\" width=\"100\" height=\"100\">\n\t\t<\/div>\n<div class=\"h-about-ritual\">\n<div class=\"h-about-title\">\n<h2>Ihr t\u00e4gliches Hanfritual<\/h2>\n<div class=\"h-about-title-line\"><\/div>\n<\/div>\n<p>Was ist Ihr Lieblingsritual, das Sie auch an den regnerischsten Tagen aufmuntert? Wie verw\u00f6hnen Sie sich selbst, wenn der Tag trist ist?<\/p>\n<p><strong>Beauty-Influencer haben vielleicht eine 65-stufige Hautpflegeroutine.<br \/>Feinschmecker verbringen vielleicht den Nachmittag in einer B\u00e4ckerei.<br \/>Und wir, Gesundheitsenthusiasten? Wir greifen zu CBD! Ein Tropfen, zwei, drei, und unsere Stimmung ist wieder im Gleichgewicht.<\/strong><\/p>\n<p>Erfahren Sie mehr \u00fcber Hanf, wie Sie CBD f\u00fcr verschiedene Zwecke nutzen k\u00f6nnen und wie Sie Hanfprodukte in Ihren Alltag integrieren k\u00f6nnen. Finden Sie alles, was Ihr Herz \u00fcber Hanf wissen m\u00f6chte, in unserem <a class=\"h-link\" href=\"https:\/\/hempika.com\/en\/blog\/\">Blog<\/a>.<\/p>\n<div class=\"h-about-articles\">\n<div class=\"h-about-ritual-article\">\n<div class=\"h-about-ritual-article-img-hemp\">\n\t\t\t\t<\/div>\n<div class=\"h-about-ritual-article-title\">\n\t\t\t\t\t<a href=\"https:\/\/hempika.com\/en\/hemp-101\/\" target=\"_blank\">Hanf 101<\/a> <!-- add \/hemp\/ page -->\n\t\t\t\t<\/div>\n<\/p><\/div>\n<div class=\"h-about-ritual-article\">\n<div class=\"h-about-ritual-article-img-cbd\">\n\t\t\t\t<\/div>\n<div class=\"h-about-ritual-article-title\">\n\t\t\t\t\t<a href=\"https:\/\/hempika.com\/en\/cbd-cannabidiol\/\" target=\"_blank\">Cannabidiol (CBD) 101<\/a> <!-- add \/cbd\/ page -->\n\t\t\t\t<\/div>\n<\/p><\/div>\n<div class=\"h-about-ritual-article\">\n<div class=\"h-about-ritual-article-img-cannabinoids\">\n\t\t\t\t<\/div>\n<div class=\"h-about-ritual-article-title\">\n\t\t\t\t\t<a href=\"https:\/\/hempika.com\/en\/all-about-cannabinoids\/\" target=\"_blank\">Cannabinoide 101<\/a> <!-- add \/cannabinoids\/ page -->\n\t\t\t\t<\/div>\n<\/p><\/div>\n<\/p><\/div>\n<\/p><\/div>\n<\/p><\/div>\n<\/div>\n","protected":false},"excerpt":{"rendered":"<p>Tropfen f\u00fcr Tropfen haben wir Hempika aufgebaut. Wir lieben die gr\u00fcne Farbe, stehen f\u00fcr h\u00f6chste Produktstandards und schaffen mit einer minimalistischen Denkweise. Keine Kompromisse, wenn es um Qualit\u00e4t geht. Wir erg\u00e4nzen und verbessern traditionelle Praktiken mit den neuesten Erkenntnissen und einem fortschrittlichen Ansatz. Keine Gier bei der Produktgestaltung. Wir bieten Ihnen nur eine minimalistische, essentielle [&hellip;]<\/p>\n","protected":false},"author":1,"featured_media":0,"parent":0,"menu_order":0,"comment_status":"closed","ping_status":"closed","template":"custom-page-template.php","meta":{"footnotes":""},"class_list":["post-25553","page","type-page","status-publish","hentry"],"_links":{"self":[{"href":"https:\/\/hempika.com\/de\/wp-json\/wp\/v2\/pages\/25553","targetHints":{"allow":["GET"]}}],"collection":[{"href":"https:\/\/hempika.com\/de\/wp-json\/wp\/v2\/pages"}],"about":[{"href":"https:\/\/hempika.com\/de\/wp-json\/wp\/v2\/types\/page"}],"author":[{"embeddable":true,"href":"https:\/\/hempika.com\/de\/wp-json\/wp\/v2\/users\/1"}],"replies":[{"embeddable":true,"href":"https:\/\/hempika.com\/de\/wp-json\/wp\/v2\/comments?post=25553"}],"version-history":[{"count":0,"href":"https:\/\/hempika.com\/de\/wp-json\/wp\/v2\/pages\/25553\/revisions"}],"wp:attachment":[{"href":"https:\/\/hempika.com\/de\/wp-json\/wp\/v2\/media?parent=25553"}],"curies":[{"name":"wp","href":"https:\/\/api.w.org\/{rel}","templated":true}]}}